{"id":299,"date":"2023-12-15T15:36:42","date_gmt":"2023-12-15T20:36:42","guid":{"rendered":"https:\/\/charlesriverenglish.com\/mi-historia\/"},"modified":"2024-02-03T17:40:42","modified_gmt":"2024-02-03T17:40:42","slug":"mi-historia","status":"publish","type":"page","link":"https:\/\/charlesriverenglish.com\/es\/mi-historia\/","title":{"rendered":"Mi historia"},"content":{"rendered":"<div class=\"wpb-content-wrapper\"><p>[vc_row height_ratio=\u00bb50&#8243; rc_heading_color=\u00bbprimary-5&#8243; rc_bg_type=\u00bbcolor\u00bb rc_bg_color=\u00bb#741d0e\u00bb][vc_column width=\u00bb1\/6&#8243;][\/vc_column][vc_column width=\u00bb2\/3&#8243; vertical_content_position=\u00bbmiddle\u00bb]<h3 data-animation=\"appear-up\" data-delay=\"200\" data-duration=\"normal\" class=\"grve-element grve-title grve-align-center grve-appear-animation grve-advanced-animation grve-animated-item grve-h5\"><span><br>\n<p style=\"text-align: center;\"><strong>Significado: Viaje (sustantivo)<\/strong><br>\n<p style=\"text-align: center;\">Aprender y crecer a partir de sus experiencia de vida de manera importante.<br>\n<\/span><\/h3>[\/vc_column][vc_column width=\u00bb1\/6&#8243;][\/vc_column][\/vc_row][vc_row padding_top_multiplier=\u00bb4x\u00bb padding_bottom_multiplier=\u00bb4x\u00bb rc_bg_type=\u00bbimage\u00bb rc_bg_image=\u00bb140&#8243; rc_bg_image_type=\u00bbhorizontal-parallax-lr\u00bb rc_bg_color_overlay=\u00bbcustom\u00bb rc_bg_color_overlay_custom=\u00bbrgba(255,252,249,0.91)\u00bb rc_bg_color=\u00bb#f7f7fb\u00bb][vc_column width=\u00bb2\/3&#8243;]<h3 class=\"grve-element grve-title grve-align-inherit grve-subtitle-text grve-increase-heading grve-heading-120\" style=\"margin-bottom: 36px;\"><span>Mi viaje como profesor de ingl\u00e9s<\/span><\/h3><h3 class=\"grve-element grve-title grve-align-inherit grve-h4\"><span>La vida est\u00e1 llena de viajes grandes y peque\u00f1os. Esta es la historia de mi trayectoria docente:<br>\n<span style=\"color: #741d0e;\">-Matt, de Charles River English<\/span><\/span><\/h3>[\/vc_column][vc_column width=\u00bb1\/3&#8243;][\/vc_column][vc_column]<div class=\"grve-empty-space grve-height-3x\"><\/div>[\/vc_column][vc_column]<div class=\"grve-element grve-carousel grve-flexible-carousel\">\r\n\t<div class=\"grve-carousel-wrapper\">\r\n\t\t\t<div class=\"grve-carousel-navigation grve-navigation-arrow-2\">\r\n\t\t<div class=\"grve-carousel-buttons\">\r\n\t\t\t<div class=\"grve-carousel-prev\"><div class=\"grve-svg-icon grve-direction-left grve-arrow-2 grve-svg-white grve-with-shape grve-circle grve-bg-primary-2\">\t\t\t\t<svg width=\"40px\" height=\"16px\" viewBox=\"0 0 40 16\">\r\n\t\t\t\t\t<polygon class=\"grve-arrow-line\" points=\"0 7 38 7 38 9 0 9\"><\/polygon>\r\n\t\t\t\t\t<polygon class=\"grve-arrow-point\" points=\"31.3481912 0 40 8 31.3481912 16 30 14.5816219 37.1 8 30 1.41837809\"><\/polygon>\r\n\t\t\t\t<\/svg>\r\n\t\t\t<\/div><\/div>\r\n\t\t\t<div class=\"grve-carousel-next\"><div class=\"grve-svg-icon grve-direction-right grve-arrow-2 grve-svg-white grve-with-shape grve-circle grve-bg-primary-2\">\t\t\t\t<svg width=\"40px\" height=\"16px\" viewBox=\"0 0 40 16\">\r\n\t\t\t\t\t<polygon class=\"grve-arrow-line\" points=\"0 7 38 7 38 9 0 9\"><\/polygon>\r\n\t\t\t\t\t<polygon class=\"grve-arrow-point\" points=\"31.3481912 0 40 8 31.3481912 16 30 14.5816219 37.1 8 30 1.41837809\"><\/polygon>\r\n\t\t\t\t<\/svg>\r\n\t\t\t<\/div><\/div>\r\n\t\t<\/div>\r\n\t<\/div>\r\n\t\t<div data-items=\"1\" data-items-tablet-landscape=\"1\" data-items-tablet-portrait=\"1\" data-items-mobile=\"1\" data-pagination=\"no\" data-slider-autoheight=\"yes\" data-slider-autoplay=\"no\" data-slider-loop=\"no\" data-stage-padding=\"0\" class=\"grve-carousel-element grve-flexible-advanced-carousel flickity\">\r\n\t\t<div class=\"grve-element grve-image-text grve-style-1 grve-position-left\"><div class=\"grve-image\"><div class=\"grve-thumbnail-wrapper\"><div class=\"grve-thumbnail\"  style=\"padding-top: 133.393%;\"><img loading=\"lazy\" decoding=\"async\" width=\"560\" height=\"747\" src=\"https:\/\/charlesriverenglish.com\/wp-content\/uploads\/2024\/01\/City-of-lynn-to-replace-first-boston-map-560x747.jpeg\" class=\"attachment-impeka-grve-small-rect-vertical size-impeka-grve-small-rect-vertical\" alt=\"\" data-column-space=\"100\" data-lazyload=\"\" data-grve-filter=\"yes\" srcset=\"https:\/\/charlesriverenglish.com\/wp-content\/uploads\/2024\/01\/City-of-lynn-to-replace-first-boston-map-560x747.jpeg 560w, https:\/\/charlesriverenglish.com\/wp-content\/uploads\/2024\/01\/City-of-lynn-to-replace-first-boston-map-840x1120.jpeg 840w\" sizes=\"auto, (max-width: 560px) 100vw, 560px\" \/><\/div><\/div><\/div><div class=\"grve-content grve-align-left\"><div class=\"grve-content-inner\"><h3 class=\"grve-title grve-h3\">El principio<\/h3><p class=\"grve-description\">En el 2013 me convert\u00ed en profesor voluntario en Lynn MA, una ciudad al norte de Boston. Mientras estuve all\u00ed, ense\u00f1\u00e9 a estudiantes de ingl\u00e9s en Lynn Classical High School y en Catholic Charities North.<\/p>\n<p>Fue incre\u00edblemente gratificante poder ense\u00f1ar a estudiantes que hab\u00edan inmigrado de lugares de todo el mundo, y poco despu\u00e9s obtuve mi certificaci\u00f3n de ense\u00f1anza de ingl\u00e9s como segunda lengua (ESL) en Massachusetts. Durante los tres a\u00f1os siguientes di clase a alumnos de m\u00e1s de 35 pa\u00edses y que hablaban muchos idiomas diferentes.<br \/>\n<\/p><\/div><\/div><\/div><div class=\"grve-element grve-image-text grve-style-1 grve-position-left\"><div class=\"grve-image\"><div class=\"grve-thumbnail-wrapper\"><div class=\"grve-thumbnail\"  style=\"padding-top: 133.393%;\"><img loading=\"lazy\" decoding=\"async\" width=\"560\" height=\"747\" src=\"https:\/\/charlesriverenglish.com\/wp-content\/uploads\/2023\/12\/2C-Central-America-560x747.jpeg\" class=\"attachment-impeka-grve-small-rect-vertical size-impeka-grve-small-rect-vertical\" alt=\"\" data-column-space=\"100\" data-lazyload=\"\" data-grve-filter=\"yes\" srcset=\"https:\/\/charlesriverenglish.com\/wp-content\/uploads\/2023\/12\/2C-Central-America-560x747.jpeg 560w, https:\/\/charlesriverenglish.com\/wp-content\/uploads\/2023\/12\/2C-Central-America-840x1120.jpeg 840w\" sizes=\"auto, (max-width: 560px) 100vw, 560px\" \/><\/div><\/div><\/div><div class=\"grve-content grve-align-left\"><div class=\"grve-content-inner\"><h3 class=\"grve-title grve-h3\">Ser tutor de ingl\u00e9s en Centroam\u00e9rica<\/h3><p class=\"grve-description\">Unos a\u00f1os m\u00e1s tarde aprovech\u00e9 la oportunidad para ense\u00f1ar a adolescentes que viv\u00edan en la capital de Guatemala.<\/p>\n<p>La escuela estaba en un barrio de la ciudad con altos niveles de pobreza, pero mis incre\u00edbles alumnos eran muy resistentes. Estaban decididos a triunfar, y me sent\u00ed afortunada de ense\u00f1arles el ingl\u00e9s que necesitaban para tener un futuro con oportunidades positivas.<br \/>\n<\/p><\/div><\/div><\/div><div class=\"grve-element grve-image-text grve-style-1 grve-position-left\"><div class=\"grve-image\"><div class=\"grve-thumbnail-wrapper\"><div class=\"grve-thumbnail\"  style=\"padding-top: 133.393%;\"><img loading=\"lazy\" decoding=\"async\" width=\"560\" height=\"747\" src=\"https:\/\/charlesriverenglish.com\/wp-content\/uploads\/2024\/01\/ver-3-560x747.jpeg\" class=\"attachment-impeka-grve-small-rect-vertical size-impeka-grve-small-rect-vertical\" alt=\"boston international academy\" data-column-space=\"100\" data-lazyload=\"\" data-grve-filter=\"yes\" srcset=\"https:\/\/charlesriverenglish.com\/wp-content\/uploads\/2024\/01\/ver-3-560x747.jpeg 560w, https:\/\/charlesriverenglish.com\/wp-content\/uploads\/2024\/01\/ver-3-840x1120.jpeg 840w\" sizes=\"auto, (max-width: 560px) 100vw, 560px\" \/><\/div><\/div><\/div><div class=\"grve-content grve-align-left\"><div class=\"grve-content-inner\"><h3 class=\"grve-title grve-h3\">Ayudar a los estudiantes internacionales a ser admitidos en facultades y universidades<\/h3><p class=\"grve-description\">Cuando regres\u00e9 a Estados Unidos, ense\u00f1\u00e9 a estudiantes adultos durante casi 4 a\u00f1os en la Academia Internacional de Boston. Ayud\u00e9 a estudiantes a mejorar su nivel de ingl\u00e9s, a escribir redacciones para solicitar plaza en la universidad y a aprobar el examen TOEFL.<\/p>\n<p>Mientras ense\u00f1aba, tambi\u00e9n aprend\u00eda. Por las noches iba a clases al Cambridge College para completar mi m\u00e1ster en ense\u00f1anza del ingl\u00e9s como segunda lengua.<\/p>\n<p><\/p><\/div><\/div><\/div><div class=\"grve-element grve-image-text grve-style-1 grve-position-left\"><div class=\"grve-image\"><div class=\"grve-thumbnail-wrapper\"><div class=\"grve-thumbnail\"  style=\"padding-top: 133.393%;\"><img loading=\"lazy\" decoding=\"async\" width=\"560\" height=\"747\" src=\"https:\/\/charlesriverenglish.com\/wp-content\/uploads\/2024\/01\/orange-line-to-replace-second-boston-map-560x747.jpeg\" class=\"attachment-impeka-grve-small-rect-vertical size-impeka-grve-small-rect-vertical\" alt=\"\" data-column-space=\"100\" data-lazyload=\"\" data-grve-filter=\"yes\" srcset=\"https:\/\/charlesriverenglish.com\/wp-content\/uploads\/2024\/01\/orange-line-to-replace-second-boston-map-560x747.jpeg 560w, https:\/\/charlesriverenglish.com\/wp-content\/uploads\/2024\/01\/orange-line-to-replace-second-boston-map-840x1120.jpeg 840w\" sizes=\"auto, (max-width: 560px) 100vw, 560px\" \/><\/div><\/div><\/div><div class=\"grve-content grve-align-left\"><div class=\"grve-content-inner\"><h3 class=\"grve-title grve-h3\">Inicio de Charles River English<\/h3><p class=\"grve-description\">En 2022 mi viaje tom\u00f3 un nuevo y emocionante camino cuando decid\u00ed empezar mi propio negocio independiente de clases particulares de ingl\u00e9s.<\/p>\n<p>Estoy deseando utilizar toda mi experiencia docente para ayudarte en tu viaje de aprendizaje del ingl\u00e9s.<br \/>\n<\/p><a href=\"\/es\/pongase-en-contacto-con\/\" title=\"Contact\" class=\"grve-btn grve-square grve-bg-primary-1 grve-border-primary-1 grve-bg-hover-primary-2 grve-border-hover-primary-2 grve-pulse grve-text-white grve-text-hover-white grve-btn-medium\">\r\n\t\t<span>\u00bfEst\u00e1s listo para comenzar tu viaje de Ingl\u00e9s?<\/span>\r\n\t\t<span class=\"screen-reader-text\">\u00bfEst\u00e1s listo para comenzar tu viaje de Ingl\u00e9s?<\/span>\r\n\t\t\t\t\t\t\t<\/a><\/div><\/div><\/div>\t\t<\/div>\r\n\t<\/div>\r\n<\/div>\r\n[\/vc_column][\/vc_row]<\/p>\n<\/div>","protected":false},"excerpt":{"rendered":"<p>[vc_row height_ratio=\u00bb50&#8243; rc_heading_color=\u00bbprimary-5&#8243; rc_bg_type=\u00bbcolor\u00bb rc_bg_color=\u00bb#741d0e\u00bb][vc_column width=\u00bb1\/6&#8243;][\/vc_column][vc_column width=\u00bb2\/3&#8243; vertical_content_position=\u00bbmiddle\u00bb][\/vc_column][vc_column width=\u00bb1\/6&#8243;][\/vc_column][\/vc_row][vc_row padding_top_multiplier=\u00bb4x\u00bb padding_bottom_multiplier=\u00bb4x\u00bb rc_bg_type=\u00bbimage\u00bb rc_bg_image=\u00bb140&#8243; rc_bg_image_type=\u00bbhorizontal-parallax-lr\u00bb rc_bg_color_overlay=\u00bbcustom\u00bb rc_bg_color_overlay_custom=\u00bbrgba(255,252,249,0.91)\u00bb rc_bg_color=\u00bb#f7f7fb\u00bb][vc_column width=\u00bb2\/3&#8243;][\/vc_column][vc_column width=\u00bb1\/3&#8243;][\/vc_column][vc_column][\/vc_column][vc_column][\/vc_column][\/vc_row]<\/p>\n","protected":false},"author":1,"featured_media":485,"parent":0,"menu_order":0,"comment_status":"closed","ping_status":"closed","template":"","meta":{"footnotes":""},"class_list":["post-299","page","type-page","status-publish","has-post-thumbnail","hentry","grve-entry-item"],"_links":{"self":[{"href":"https:\/\/charlesriverenglish.com\/es\/wp-json\/wp\/v2\/pages\/299","targetHints":{"allow":["GET"]}}],"collection":[{"href":"https:\/\/charlesriverenglish.com\/es\/wp-json\/wp\/v2\/pages"}],"about":[{"href":"https:\/\/charlesriverenglish.com\/es\/wp-json\/wp\/v2\/types\/page"}],"author":[{"embeddable":true,"href":"https:\/\/charlesriverenglish.com\/es\/wp-json\/wp\/v2\/users\/1"}],"replies":[{"embeddable":true,"href":"https:\/\/charlesriverenglish.com\/es\/wp-json\/wp\/v2\/comments?post=299"}],"version-history":[{"count":8,"href":"https:\/\/charlesriverenglish.com\/es\/wp-json\/wp\/v2\/pages\/299\/revisions"}],"predecessor-version":[{"id":415,"href":"https:\/\/charlesriverenglish.com\/es\/wp-json\/wp\/v2\/pages\/299\/revisions\/415"}],"wp:featuredmedia":[{"embeddable":true,"href":"https:\/\/charlesriverenglish.com\/es\/wp-json\/wp\/v2\/media\/485"}],"wp:attachment":[{"href":"https:\/\/charlesriverenglish.com\/es\/wp-json\/wp\/v2\/media?parent=299"}],"curies":[{"name":"wp","href":"https:\/\/api.w.org\/{rel}","templated":true}]}}