{"id":304,"date":"2023-12-14T16:10:24","date_gmt":"2023-12-14T21:10:24","guid":{"rendered":"https:\/\/charlesriverenglish.com\/testimonios\/"},"modified":"2024-02-03T17:54:07","modified_gmt":"2024-02-03T17:54:07","slug":"testimonios","status":"publish","type":"page","link":"https:\/\/charlesriverenglish.com\/es\/testimonios\/","title":{"rendered":"Testimonios"},"content":{"rendered":"<div class=\"wpb-content-wrapper\"><p>[vc_row height_ratio=\u00bb50&#8243; rc_heading_color=\u00bbprimary-5&#8243; rc_bg_type=\u00bbcolor\u00bb rc_bg_color=\u00bb#741d0e\u00bb][vc_column width=\u00bb1\/6&#8243;][\/vc_column][vc_column width=\u00bb2\/3&#8243; vertical_content_position=\u00bbmiddle\u00bb]<h3 data-animation=\"appear-up\" data-delay=\"200\" data-duration=\"normal\" class=\"grve-element grve-title grve-align-center grve-appear-animation grve-advanced-animation grve-animated-item grve-h5\"><span><br>\n<p style=\"text-align: center;\">Me convert\u00ed en <strong>profesor de ingl\u00e9s como segunda lengua<\/strong> porque me encanta ayudar a los estudiantes a <strong>cumplir<\/strong> todos sus grandes y peque\u00f1os <strong>sue\u00f1os<\/strong>. Vea lo que dicen algunos de mis antiguos alumnos sobre su experiencia trabajando conmigo&#8230;<br>\n<\/span><\/h3>[\/vc_column][vc_column width=\u00bb1\/6&#8243;][\/vc_column][\/vc_row][vc_row padding_top_multiplier=\u00bb2x\u00bb padding_bottom_multiplier=\u00bb2x\u00bb rc_bg_type=\u00bbcolor\u00bb rc_bg_color=\u00bb#e2dcd7&#8243;][vc_column]\t<div data-display-style=\"pagination\" data-spinner=\"no\" data-columns-large-screen=\"3\" data-columns=\"3\" data-columns-tablet-landscape=\"2\" data-columns-tablet-portrait=\"2\" data-columns-mobile=\"1\" data-layout=\"masonry\" data-gutter-size=\"40\" data-animation=\"none\" class=\"grve-element grve-testimonial grve-testimonial-box grve-isotope grve-with-gap grve-testimonial-masonry\" id=\"el-1702570864109-86d6fa41-5ae8\">\r\n\r\n\t\t<div class=\"grve-isotope-container\">\r\n\t\t\t<div class=\"grve-grid-sizer\"><\/div>\r\n\r\n\t\t<div class=\"post-335 testimonial type-testimonial status-publish hentry grve-entry-item\">\r\n\t\t\t<div class=\"grve-isotope-item-inner\">\r\n\t\t\t\t\r\n<div class=\"grve-testimonial-item grve-style-4 grve-text-primary-3 grve-bg-white grve-radius-5 grve-shadow-medium\">\r\n\t<div class=\"grve-testimonial-inner\">\r\n\t\t<div class=\"grve-testimonial-content\">\r\n\t\t\t\t\t\t\t\t\t\t<h3 class=\"grve-title grve-text-primary-1 grve-h3\">Recomiendo encarecidamente a todo el mundo que aprenda ingl\u00e9s con Matt.<\/h3>\r\n\t\t\t\t\t\t<p>\u00abMatt es un profesor muy serio y paciente. Me ha ayudado mucho a aprender ingl\u00e9s\u00bb.<\/p>\n\t\t<\/div>\r\n\t\t<div class=\"grve-testimonial-meta\">\r\n\t\t\t\t\t\t<div class=\"grve-testimonial-name-wrapper\">\r\n\t\t\t\t<span class=\"grve-testimonial-name grve-link-text grve-text-primary-1\" data-title-hover=\"  Helen Liu\">  Helen Liu<\/span>\r\n\t\t\t\t<span class=\"grve-identity grve-small-text\"><\/span>\r\n\t\t\t<\/div>\r\n\t\t<\/div>\r\n\t<\/div>\r\n<\/div>\t\t\t<\/div>\r\n\t\t<\/div>\r\n\t\t\t<div class=\"post-324 testimonial type-testimonial status-publish hentry grve-entry-item\">\r\n\t\t\t<div class=\"grve-isotope-item-inner\">\r\n\t\t\t\t\r\n<div class=\"grve-testimonial-item grve-style-4 grve-text-primary-3 grve-bg-white grve-radius-5 grve-shadow-medium\">\r\n\t<div class=\"grve-testimonial-inner\">\r\n\t\t<div class=\"grve-testimonial-content\">\r\n\t\t\t\t\t\t\t\t\t\t<h3 class=\"grve-title grve-text-primary-1 grve-h3\">Sobre Matt \ud83d\ude42<\/h3>\r\n\t\t\t\t\t\t<p>\u00abTengo problemas de audici\u00f3n y necesito leer los labios y ser paciente jaja Matt es el profesor que fue paciente conmigo, amable y me explic\u00f3 muy bien, \u00a1escribiendo para que yo lo entendiera! La mayor parte del ingl\u00e9s que aprend\u00ed fue de Matt. Recomiendo a este profesor, no s\u00f3lo por su amabilidad sino por su capacidad para ense\u00f1ar.\u00bb<\/p>\n\t\t<\/div>\r\n\t\t<div class=\"grve-testimonial-meta\">\r\n\t\t\t\t\t\t<div class=\"grve-testimonial-name-wrapper\">\r\n\t\t\t\t<span class=\"grve-testimonial-name grve-link-text grve-text-primary-1\" data-title-hover=\"Isabella\">Isabella<\/span>\r\n\t\t\t\t<span class=\"grve-identity grve-small-text\"><\/span>\r\n\t\t\t<\/div>\r\n\t\t<\/div>\r\n\t<\/div>\r\n<\/div>\t\t\t<\/div>\r\n\t\t<\/div>\r\n\t\t\t<div class=\"post-348 testimonial type-testimonial status-publish hentry grve-entry-item\">\r\n\t\t\t<div class=\"grve-isotope-item-inner\">\r\n\t\t\t\t\r\n<div class=\"grve-testimonial-item grve-style-4 grve-text-primary-3 grve-bg-white grve-radius-5 grve-shadow-medium\">\r\n\t<div class=\"grve-testimonial-inner\">\r\n\t\t<div class=\"grve-testimonial-content\">\r\n\t\t\t\t\t\t\t\t\t\t<h3 class=\"grve-title grve-text-primary-1 grve-h3\">Matt es paciente y atento.<\/h3>\r\n\t\t\t\t\t\t<p>\u00abMatt es un excelente profesor. Tuve la oportunidad de ser su alumna, aunque es dif\u00edcil ense\u00f1ar en l\u00ednea Matt siempre estuvo dispuesto a ense\u00f1ar como si estuvi\u00e9ramos en un aula, siempre con diapositivas con explicaciones f\u00e1ciles de aprender, es paciente y atento. Le estoy agradecido porque lo que hoy s\u00e9 me lo ense\u00f1\u00f3 \u00e9l. Definitivamente lo recomiendo a todo el mundo!\u00bb<\/p>\n\t\t<\/div>\r\n\t\t<div class=\"grve-testimonial-meta\">\r\n\t\t\t\t\t\t<div class=\"grve-testimonial-name-wrapper\">\r\n\t\t\t\t<span class=\"grve-testimonial-name grve-link-text grve-text-primary-1\" data-title-hover=\"\u00a1Fran!  \">\u00a1Fran!  <\/span>\r\n\t\t\t\t<span class=\"grve-identity grve-small-text\"><\/span>\r\n\t\t\t<\/div>\r\n\t\t<\/div>\r\n\t<\/div>\r\n<\/div>\t\t\t<\/div>\r\n\t\t<\/div>\r\n\t\t\t<div class=\"post-317 testimonial type-testimonial status-publish hentry grve-entry-item\">\r\n\t\t\t<div class=\"grve-isotope-item-inner\">\r\n\t\t\t\t\r\n<div class=\"grve-testimonial-item grve-style-4 grve-text-primary-3 grve-bg-white grve-radius-5 grve-shadow-medium\">\r\n\t<div class=\"grve-testimonial-inner\">\r\n\t\t<div class=\"grve-testimonial-content\">\r\n\t\t\t\t\t\t\t\t\t\t<h3 class=\"grve-title grve-text-primary-1 grve-h3\">Matt es un profesor excelente.<\/h3>\r\n\t\t\t\t\t\t<p>\u00abMuy inteligente y paciente con los estudiantes que empiezan a aprender en otro idioma. Parece que realmente disfruta con lo que hace y es muy inteligente y perfeccionista. Su forma de ense\u00f1ar es muy pr\u00e1ctica y amable. Aprend\u00ed mucho de Matt\u00bb.<\/p>\n\t\t<\/div>\r\n\t\t<div class=\"grve-testimonial-meta\">\r\n\t\t\t\t\t\t<div class=\"grve-testimonial-name-wrapper\">\r\n\t\t\t\t<span class=\"grve-testimonial-name grve-link-text grve-text-primary-1\" data-title-hover=\"Glauce\">Glauce<\/span>\r\n\t\t\t\t<span class=\"grve-identity grve-small-text\"><\/span>\r\n\t\t\t<\/div>\r\n\t\t<\/div>\r\n\t<\/div>\r\n<\/div>\t\t\t<\/div>\r\n\t\t<\/div>\r\n\t\t\t<div class=\"post-309 testimonial type-testimonial status-publish hentry grve-entry-item\">\r\n\t\t\t<div class=\"grve-isotope-item-inner\">\r\n\t\t\t\t\r\n<div class=\"grve-testimonial-item grve-style-4 grve-text-primary-3 grve-bg-white grve-radius-5 grve-shadow-medium\">\r\n\t<div class=\"grve-testimonial-inner\">\r\n\t\t<div class=\"grve-testimonial-content\">\r\n\t\t\t\t\t\t\t\t\t\t<h3 class=\"grve-title grve-text-primary-1 grve-h3\">\u00a1Matt es el mejor!<\/h3>\r\n\t\t\t\t\t\t<p>\u00abMatt siempre intenta idear nuevas formas de practicar y mejorar nuestro ingl\u00e9s. Tiene did\u00e1ctica y eso hace que aprender ingl\u00e9s sea m\u00e1s f\u00e1cil de lo que es. Gracias Matt por tu paciencia y dedicaci\u00f3n!\u00bb<\/p>\n\t\t<\/div>\r\n\t\t<div class=\"grve-testimonial-meta\">\r\n\t\t\t\t\t\t<div class=\"grve-testimonial-name-wrapper\">\r\n\t\t\t\t<span class=\"grve-testimonial-name grve-link-text grve-text-primary-1\" data-title-hover=\"Gabriela\">Gabriela<\/span>\r\n\t\t\t\t<span class=\"grve-identity grve-small-text\"><\/span>\r\n\t\t\t<\/div>\r\n\t\t<\/div>\r\n\t<\/div>\r\n<\/div>\t\t\t<\/div>\r\n\t\t<\/div>\r\n\t\t\t<div class=\"post-325 testimonial type-testimonial status-publish hentry grve-entry-item\">\r\n\t\t\t<div class=\"grve-isotope-item-inner\">\r\n\t\t\t\t\r\n<div class=\"grve-testimonial-item grve-style-4 grve-text-primary-3 grve-bg-white grve-radius-5 grve-shadow-medium\">\r\n\t<div class=\"grve-testimonial-inner\">\r\n\t\t<div class=\"grve-testimonial-content\">\r\n\t\t\t\t\t\t\t\t\t\t<h3 class=\"grve-title grve-text-primary-1 grve-h3\">\u00a1Un tutor incre\u00edble!<\/h3>\r\n\t\t\t\t\t\t<p>\u00abMatt me ha ayudado a mejorar mis habilidades de escritura durante los \u00faltimos meses. Me da comentarios amables pero constructivos sobre mis puntos fuertes y \u00e1reas de mejora, y siempre est\u00e1 disponible para responder a cualquier pregunta que tenga. Me siento m\u00e1s segura de mis habilidades de escritura, y atribuyo la mayor parte de ello a la amabilidad, disponibilidad y comentarios de Matt. Lo recomiendo encarecidamente a todo el mundo\u00bb.<\/p>\n\t\t<\/div>\r\n\t\t<div class=\"grve-testimonial-meta\">\r\n\t\t\t\t\t\t<div class=\"grve-testimonial-name-wrapper\">\r\n\t\t\t\t<span class=\"grve-testimonial-name grve-link-text grve-text-primary-1\" data-title-hover=\"Morgan\">Morgan<\/span>\r\n\t\t\t\t<span class=\"grve-identity grve-small-text\"><\/span>\r\n\t\t\t<\/div>\r\n\t\t<\/div>\r\n\t<\/div>\r\n<\/div>\t\t\t<\/div>\r\n\t\t<\/div>\r\n\t\t\t<\/div>\r\n\t<\/div>\r\n\r\n[\/vc_column][\/vc_row][vc_row height_ratio=\u00bb80&#8243; rc_bg_type=\u00bbimage\u00bb rc_bg_image=\u00bb87&#8243; rc_bg_image_type=\u00bbfixed\u00bb rc_bg_color_overlay=\u00bbgradient\u00bb rc_bg_gradient_overlay_custom_1=\u00bb#300c06&#8243; rc_bg_gradient_overlay_custom_2=\u00bbrgba(48,12,6,0.01)\u00bb][vc_column width=\u00bb1\/2&#8243; content_width=\u00bb85&#8243; vertical_content_position=\u00bbmiddle\u00bb]<h3 class=\"grve-element grve-title grve-align-center grve-leader-text grve-increase-heading grve-heading-120 grve-with-line grve-bottom-line grve-text-primary-4\"><span><b>Elaboraremos juntos un plan <\/b>y averiguaremos C\u00d3MO mi experiencia en ingl\u00e9s puede satisfacer tus objetivos en este campo. Y lo que es m\u00e1s importante, soy capaz de aprovechar mi experiencia y ofrec\u00e9rtela de forma que te ayude en tu vida.<\/span><span class=\"grve-title-line grve-bg-primary-1\" style=\"width: 150px;height: 2px;\"><\/span><\/h3><h3 class=\"grve-element grve-title grve-align-center grve-subtitle-text grve-text-primary-4\"><span>Matt, <em>fundador de Charles River<\/em> English<\/span><\/h3>[\/vc_column][vc_column width=\u00bb1\/2&#8243; vertical_content_position=\u00bbmiddle\u00bb][\/vc_column][\/vc_row]<\/p>\n<\/div>","protected":false},"excerpt":{"rendered":"<p>[vc_row height_ratio=\u00bb50&#8243; rc_heading_color=\u00bbprimary-5&#8243; rc_bg_type=\u00bbcolor\u00bb rc_bg_color=\u00bb#741d0e\u00bb][vc_column width=\u00bb1\/6&#8243;][\/vc_column][vc_column width=\u00bb2\/3&#8243; vertical_content_position=\u00bbmiddle\u00bb][\/vc_column][vc_column width=\u00bb1\/6&#8243;][\/vc_column][\/vc_row][vc_row padding_top_multiplier=\u00bb2x\u00bb padding_bottom_multiplier=\u00bb2x\u00bb rc_bg_type=\u00bbcolor\u00bb rc_bg_color=\u00bb#e2dcd7&#8243;][vc_column][\/vc_column][\/vc_row][vc_row height_ratio=\u00bb80&#8243; rc_bg_type=\u00bbimage\u00bb rc_bg_image=\u00bb87&#8243; rc_bg_image_type=\u00bbfixed\u00bb rc_bg_color_overlay=\u00bbgradient\u00bb rc_bg_gradient_overlay_custom_1=\u00bb#300c06&#8243; rc_bg_gradient_overlay_custom_2=\u00bbrgba(48,12,6,0.01)\u00bb][vc_column width=\u00bb1\/2&#8243; content_width=\u00bb85&#8243; vertical_content_position=\u00bbmiddle\u00bb][\/vc_column][vc_column width=\u00bb1\/2&#8243; vertical_content_position=\u00bbmiddle\u00bb][\/vc_column][\/vc_row]<\/p>\n","protected":false},"author":1,"featured_media":234,"parent":0,"menu_order":0,"comment_status":"closed","ping_status":"closed","template":"","meta":{"footnotes":""},"class_list":["post-304","page","type-page","status-publish","has-post-thumbnail","hentry","grve-entry-item"],"_links":{"self":[{"href":"https:\/\/charlesriverenglish.com\/es\/wp-json\/wp\/v2\/pages\/304","targetHints":{"allow":["GET"]}}],"collection":[{"href":"https:\/\/charlesriverenglish.com\/es\/wp-json\/wp\/v2\/pages"}],"about":[{"href":"https:\/\/charlesriverenglish.com\/es\/wp-json\/wp\/v2\/types\/page"}],"author":[{"embeddable":true,"href":"https:\/\/charlesriverenglish.com\/es\/wp-json\/wp\/v2\/users\/1"}],"replies":[{"embeddable":true,"href":"https:\/\/charlesriverenglish.com\/es\/wp-json\/wp\/v2\/comments?post=304"}],"version-history":[{"count":3,"href":"https:\/\/charlesriverenglish.com\/es\/wp-json\/wp\/v2\/pages\/304\/revisions"}],"predecessor-version":[{"id":418,"href":"https:\/\/charlesriverenglish.com\/es\/wp-json\/wp\/v2\/pages\/304\/revisions\/418"}],"wp:featuredmedia":[{"embeddable":true,"href":"https:\/\/charlesriverenglish.com\/es\/wp-json\/wp\/v2\/media\/234"}],"wp:attachment":[{"href":"https:\/\/charlesriverenglish.com\/es\/wp-json\/wp\/v2\/media?parent=304"}],"curies":[{"name":"wp","href":"https:\/\/api.w.org\/{rel}","templated":true}]}}