{"id":281,"date":"2023-12-14T16:10:24","date_gmt":"2023-12-14T21:10:24","guid":{"rendered":"https:\/\/charlesriverenglish.com\/depoimentos\/"},"modified":"2025-12-19T12:59:10","modified_gmt":"2025-12-19T17:59:10","slug":"depoimentos","status":"publish","type":"page","link":"https:\/\/charlesriverenglish.com\/pt-br\/depoimentos\/","title":{"rendered":"Depoimentos"},"content":{"rendered":"<div class=\"wpb-content-wrapper\"><p>[vc_row height_ratio=&#8221;50&#8243; rc_heading_color=&#8221;primary-5&#8243; rc_bg_type=&#8221;color&#8221; rc_bg_color=&#8221;#741d0e&#8221;][vc_column width=&#8221;1\/6&#8243;][\/vc_column][vc_column width=&#8221;2\/3&#8243; vertical_content_position=&#8221;middle&#8221;]<h3 data-animation=\"appear-up\" data-delay=\"200\" data-duration=\"normal\" class=\"grve-element grve-title grve-align-center grve-appear-animation grve-advanced-animation grve-animated-item grve-h5\"><span><br>\n<p style=\"text-align: center;\">Tornei-me <strong>professor de ingl\u00eas como segundo idioma<\/strong> porque adoro ajudar os alunos <strong>a realizar<\/strong> todos os seus <strong>sonhos<\/strong>, grandes e pequenos. Veja o que alguns de meus ex-alunos t\u00eam a dizer sobre o trabalho comigo&#8230;<br>\n<\/span><\/h3>[\/vc_column][vc_column width=&#8221;1\/6&#8243;][\/vc_column][\/vc_row][vc_row padding_top_multiplier=&#8221;2x&#8221; padding_bottom_multiplier=&#8221;2x&#8221; rc_bg_type=&#8221;color&#8221; rc_bg_color=&#8221;#e2dcd7&#8243;][vc_column][vc_row_inner][vc_column_inner width=&#8221;1\/6&#8243;][\/vc_column_inner][vc_column_inner width=&#8221;2\/3&#8243;]<div class=\"grve-element grve-video\" style=\"margin-bottom: 100px;\"><iframe loading=\"lazy\" title=\"Lucas Talks about Matt&#039;s English class\" src=\"https:\/\/player.vimeo.com\/video\/1148113233?dnt=1&amp;app_id=122963\" width=\"752\" height=\"720\" frameborder=\"0\" allow=\"autoplay; fullscreen; picture-in-picture; clipboard-write; encrypted-media; web-share\" referrerpolicy=\"strict-origin-when-cross-origin\"><\/iframe><\/div>[\/vc_column_inner][vc_column_inner width=&#8221;1\/6&#8243;][\/vc_column_inner][\/vc_row_inner]\t<div data-display-style=\"pagination\" data-spinner=\"no\" data-columns-large-screen=\"3\" data-columns=\"3\" data-columns-tablet-landscape=\"2\" data-columns-tablet-portrait=\"2\" data-columns-mobile=\"1\" data-layout=\"masonry\" data-gutter-size=\"40\" data-animation=\"none\" class=\"grve-element grve-testimonial grve-testimonial-box grve-isotope grve-with-gap grve-testimonial-masonry\" id=\"el-1702570864109-86d6fa41-5ae8\">\r\n\r\n\t\t<div class=\"grve-isotope-container\">\r\n\t\t\t<div class=\"grve-grid-sizer\"><\/div>\r\n\r\n\t\t<div class=\"post-345 testimonial type-testimonial status-publish hentry grve-entry-item\">\r\n\t\t\t<div class=\"grve-isotope-item-inner\">\r\n\t\t\t\t\r\n<div class=\"grve-testimonial-item grve-style-4 grve-text-primary-3 grve-bg-white grve-radius-5 grve-shadow-medium\">\r\n\t<div class=\"grve-testimonial-inner\">\r\n\t\t<div class=\"grve-testimonial-content\">\r\n\t\t\t\t\t\t\t\t\t\t<h3 class=\"grve-title grve-text-primary-1 grve-h3\">Recomendo enfaticamente a todos que aprendam ingl\u00eas com o Matt.<\/h3>\r\n\t\t\t\t\t\t<p>&#8220;Matt \u00e9 um professor muito s\u00e9rio e paciente. Ele me deu uma ajuda muito boa para aprender ingl\u00eas.&#8221;<\/p>\n\t\t<\/div>\r\n\t\t<div class=\"grve-testimonial-meta\">\r\n\t\t\t\t\t\t<div class=\"grve-testimonial-name-wrapper\">\r\n\t\t\t\t<span class=\"grve-testimonial-name grve-link-text grve-text-primary-1\" data-title-hover=\"  Helen Liu\">  Helen Liu<\/span>\r\n\t\t\t\t<span class=\"grve-identity grve-small-text\"><\/span>\r\n\t\t\t<\/div>\r\n\t\t<\/div>\r\n\t<\/div>\r\n<\/div>\t\t\t<\/div>\r\n\t\t<\/div>\r\n\t\t\t<div class=\"post-332 testimonial type-testimonial status-publish hentry grve-entry-item\">\r\n\t\t\t<div class=\"grve-isotope-item-inner\">\r\n\t\t\t\t\r\n<div class=\"grve-testimonial-item grve-style-4 grve-text-primary-3 grve-bg-white grve-radius-5 grve-shadow-medium\">\r\n\t<div class=\"grve-testimonial-inner\">\r\n\t\t<div class=\"grve-testimonial-content\">\r\n\t\t\t\t\t\t\t\t\t\t<h3 class=\"grve-title grve-text-primary-1 grve-h3\">Sobre o Matt \ud83d\ude42<\/h3>\r\n\t\t\t\t\t\t<p>&#8220;Sou deficiente auditivo e preciso fazer leitura labial e ser paciente haha Matt \u00e9 o professor que foi paciente comigo, gentil e explicou muito bem, escrevendo para que eu entendesse! A maior parte do ingl\u00eas que aprendi foi com o Matt. Eu recomendo esse professor, n\u00e3o apenas por sua gentileza, mas por sua capacidade de ensinar.&#8221;<\/p>\n\t\t<\/div>\r\n\t\t<div class=\"grve-testimonial-meta\">\r\n\t\t\t\t\t\t<div class=\"grve-testimonial-name-wrapper\">\r\n\t\t\t\t<span class=\"grve-testimonial-name grve-link-text grve-text-primary-1\" data-title-hover=\"Isabela\">Isabela<\/span>\r\n\t\t\t\t<span class=\"grve-identity grve-small-text\"><\/span>\r\n\t\t\t<\/div>\r\n\t\t<\/div>\r\n\t<\/div>\r\n<\/div>\t\t\t<\/div>\r\n\t\t<\/div>\r\n\t\t\t<div class=\"post-307 testimonial type-testimonial status-publish hentry grve-entry-item\">\r\n\t\t\t<div class=\"grve-isotope-item-inner\">\r\n\t\t\t\t\r\n<div class=\"grve-testimonial-item grve-style-4 grve-text-primary-3 grve-bg-white grve-radius-5 grve-shadow-medium\">\r\n\t<div class=\"grve-testimonial-inner\">\r\n\t\t<div class=\"grve-testimonial-content\">\r\n\t\t\t\t\t\t\t\t\t\t<h3 class=\"grve-title grve-text-primary-1 grve-h3\">Matt \u00e9 paciente e atencioso.<\/h3>\r\n\t\t\t\t\t\t<p>&#8220;Matt \u00e9 um excelente professor. Tive a oportunidade de ser seu aluno, embora seja dif\u00edcil ensinar on-line, Matt sempre esteve disposto a ensinar como se estiv\u00e9ssemos em uma sala de aula, sempre com slides com explica\u00e7\u00f5es f\u00e1ceis de aprender, ele \u00e9 paciente e atencioso. Sou grato a ele porque o que sei hoje ele me ensinou. Definitivamente, eu o recomendo a todos!&#8221;<\/p>\n\t\t<\/div>\r\n\t\t<div class=\"grve-testimonial-meta\">\r\n\t\t\t\t\t\t<div class=\"grve-testimonial-name-wrapper\">\r\n\t\t\t\t<span class=\"grve-testimonial-name grve-link-text grve-text-primary-1\" data-title-hover=\"Fran!  \">Fran!  <\/span>\r\n\t\t\t\t<span class=\"grve-identity grve-small-text\"><\/span>\r\n\t\t\t<\/div>\r\n\t\t<\/div>\r\n\t<\/div>\r\n<\/div>\t\t\t<\/div>\r\n\t\t<\/div>\r\n\t\t\t<div class=\"post-327 testimonial type-testimonial status-publish hentry grve-entry-item\">\r\n\t\t\t<div class=\"grve-isotope-item-inner\">\r\n\t\t\t\t\r\n<div class=\"grve-testimonial-item grve-style-4 grve-text-primary-3 grve-bg-white grve-radius-5 grve-shadow-medium\">\r\n\t<div class=\"grve-testimonial-inner\">\r\n\t\t<div class=\"grve-testimonial-content\">\r\n\t\t\t\t\t\t\t\t\t\t<h3 class=\"grve-title grve-text-primary-1 grve-h3\">Matt \u00e9 um excelente professor.<\/h3>\r\n\t\t\t\t\t\t<p>&#8220;Muito inteligente e paciente com os alunos que est\u00e3o come\u00e7ando a aprender em outro idioma. Ele parece gostar muito do que faz, \u00e9 muito inteligente e perfeccionista. Sua maneira de ensinar \u00e9 muito pr\u00e1tica e gentil. Aprendi muito com o Matt.&#8221;<\/p>\n\t\t<\/div>\r\n\t\t<div class=\"grve-testimonial-meta\">\r\n\t\t\t\t\t\t<div class=\"grve-testimonial-name-wrapper\">\r\n\t\t\t\t<span class=\"grve-testimonial-name grve-link-text grve-text-primary-1\" data-title-hover=\"Glauce\">Glauce<\/span>\r\n\t\t\t\t<span class=\"grve-identity grve-small-text\"><\/span>\r\n\t\t\t<\/div>\r\n\t\t<\/div>\r\n\t<\/div>\r\n<\/div>\t\t\t<\/div>\r\n\t\t<\/div>\r\n\t\t\t<div class=\"post-316 testimonial type-testimonial status-publish hentry grve-entry-item\">\r\n\t\t\t<div class=\"grve-isotope-item-inner\">\r\n\t\t\t\t\r\n<div class=\"grve-testimonial-item grve-style-4 grve-text-primary-3 grve-bg-white grve-radius-5 grve-shadow-medium\">\r\n\t<div class=\"grve-testimonial-inner\">\r\n\t\t<div class=\"grve-testimonial-content\">\r\n\t\t\t\t\t\t\t\t\t\t<h3 class=\"grve-title grve-text-primary-1 grve-h3\">Matt \u00e9 o melhor de todos!<\/h3>\r\n\t\t\t\t\t\t<p>&#8220;O Matt est\u00e1 sempre tentando encontrar novas maneiras de praticar e aprimorar nosso ingl\u00eas. Ele tem did\u00e1tica e isso torna o aprendizado do ingl\u00eas mais f\u00e1cil do que j\u00e1 \u00e9. Obrigado, Matt, por sua paci\u00eancia e dedica\u00e7\u00e3o!&#8221;<\/p>\n\t\t<\/div>\r\n\t\t<div class=\"grve-testimonial-meta\">\r\n\t\t\t\t\t\t<div class=\"grve-testimonial-name-wrapper\">\r\n\t\t\t\t<span class=\"grve-testimonial-name grve-link-text grve-text-primary-1\" data-title-hover=\"Gabriela\">Gabriela<\/span>\r\n\t\t\t\t<span class=\"grve-identity grve-small-text\"><\/span>\r\n\t\t\t<\/div>\r\n\t\t<\/div>\r\n\t<\/div>\r\n<\/div>\t\t\t<\/div>\r\n\t\t<\/div>\r\n\t\t\t<div class=\"post-334 testimonial type-testimonial status-publish hentry grve-entry-item\">\r\n\t\t\t<div class=\"grve-isotope-item-inner\">\r\n\t\t\t\t\r\n<div class=\"grve-testimonial-item grve-style-4 grve-text-primary-3 grve-bg-white grve-radius-5 grve-shadow-medium\">\r\n\t<div class=\"grve-testimonial-inner\">\r\n\t\t<div class=\"grve-testimonial-content\">\r\n\t\t\t\t\t\t\t\t\t\t<h3 class=\"grve-title grve-text-primary-1 grve-h3\">Um professor incr\u00edvel!<\/h3>\r\n\t\t\t\t\t\t<p>&#8220;O Matt me ajudou a melhorar minhas habilidades de reda\u00e7\u00e3o nos \u00faltimos meses! Ele d\u00e1 um feedback gentil, mas construtivo, sobre meus pontos fortes e \u00e1reas de melhoria, e est\u00e1 sempre dispon\u00edvel para responder a quaisquer perguntas que eu tenha. Sinto-me mais confiante em minhas habilidades de reda\u00e7\u00e3o, e credito a maior parte disso \u00e0 gentileza, disponibilidade e feedback do Matt. Eu o recomendo muito para qualquer pessoa!&#8221;<\/p>\n\t\t<\/div>\r\n\t\t<div class=\"grve-testimonial-meta\">\r\n\t\t\t\t\t\t<div class=\"grve-testimonial-name-wrapper\">\r\n\t\t\t\t<span class=\"grve-testimonial-name grve-link-text grve-text-primary-1\" data-title-hover=\"Morgan\">Morgan<\/span>\r\n\t\t\t\t<span class=\"grve-identity grve-small-text\"><\/span>\r\n\t\t\t<\/div>\r\n\t\t<\/div>\r\n\t<\/div>\r\n<\/div>\t\t\t<\/div>\r\n\t\t<\/div>\r\n\t\t\t<\/div>\r\n\t<\/div>\r\n\r\n[\/vc_column][\/vc_row][vc_row height_ratio=&#8221;80&#8243; rc_bg_type=&#8221;image&#8221; rc_bg_image=&#8221;87&#8243; rc_bg_image_type=&#8221;fixed&#8221; rc_bg_color_overlay=&#8221;gradient&#8221; rc_bg_gradient_overlay_custom_1=&#8221;#300c06&#8243; rc_bg_gradient_overlay_custom_2=&#8221;rgba(48,12,6,0.01)&#8221;][vc_column width=&#8221;1\/2&#8243; content_width=&#8221;85&#8243; vertical_content_position=&#8221;middle&#8221;]<h3 class=\"grve-element grve-title grve-align-center grve-leader-text grve-increase-heading grve-heading-120 grve-with-line grve-bottom-line grve-text-primary-4\"><span>Faremos <b>um plano juntos <\/b>e descobriremos COMO meus conhecimentos de ingl\u00eas podem atender \u00e0s suas metas de ingl\u00eas. E o mais importante \u00e9 que posso usar a experi\u00eancia que tenho e coloc\u00e1-la \u00e0 sua disposi\u00e7\u00e3o de uma forma que ajude sua vida<\/span><span class=\"grve-title-line grve-bg-primary-1\" style=\"width: 150px;height: 2px;\"><\/span><\/h3><h3 class=\"grve-element grve-title grve-align-center grve-subtitle-text grve-text-primary-4\"><span>Matt, <em>fundador da Charles River English<\/em><\/span><\/h3>[\/vc_column][vc_column width=&#8221;1\/2&#8243; vertical_content_position=&#8221;middle&#8221;][\/vc_column][\/vc_row]<\/p>\n<\/div>","protected":false},"excerpt":{"rendered":"<p>[vc_row height_ratio=&#8221;50&#8243; rc_heading_color=&#8221;primary-5&#8243; rc_bg_type=&#8221;color&#8221; rc_bg_color=&#8221;#741d0e&#8221;][vc_column width=&#8221;1\/6&#8243;][\/vc_column][vc_column width=&#8221;2\/3&#8243; vertical_content_position=&#8221;middle&#8221;][\/vc_column][vc_column width=&#8221;1\/6&#8243;][\/vc_column][\/vc_row][vc_row padding_top_multiplier=&#8221;2x&#8221; padding_bottom_multiplier=&#8221;2x&#8221; rc_bg_type=&#8221;color&#8221; rc_bg_color=&#8221;#e2dcd7&#8243;][vc_column][vc_row_inner][vc_column_inner width=&#8221;1\/6&#8243;][\/vc_column_inner][vc_column_inner width=&#8221;2\/3&#8243;][\/vc_column_inner][vc_column_inner width=&#8221;1\/6&#8243;][\/vc_column_inner][\/vc_row_inner][\/vc_column][\/vc_row][vc_row height_ratio=&#8221;80&#8243; rc_bg_type=&#8221;image&#8221; rc_bg_image=&#8221;87&#8243; rc_bg_image_type=&#8221;fixed&#8221; rc_bg_color_overlay=&#8221;gradient&#8221; rc_bg_gradient_overlay_custom_1=&#8221;#300c06&#8243; rc_bg_gradient_overlay_custom_2=&#8221;rgba(48,12,6,0.01)&#8221;][vc_column width=&#8221;1\/2&#8243; content_width=&#8221;85&#8243; vertical_content_position=&#8221;middle&#8221;][\/vc_column][vc_column width=&#8221;1\/2&#8243; vertical_content_position=&#8221;middle&#8221;][\/vc_column][\/vc_row]<\/p>\n","protected":false},"author":1,"featured_media":233,"parent":0,"menu_order":0,"comment_status":"closed","ping_status":"closed","template":"","meta":{"footnotes":""},"class_list":["post-281","page","type-page","status-publish","has-post-thumbnail","hentry","grve-entry-item"],"_links":{"self":[{"href":"https:\/\/charlesriverenglish.com\/pt-br\/wp-json\/wp\/v2\/pages\/281","targetHints":{"allow":["GET"]}}],"collection":[{"href":"https:\/\/charlesriverenglish.com\/pt-br\/wp-json\/wp\/v2\/pages"}],"about":[{"href":"https:\/\/charlesriverenglish.com\/pt-br\/wp-json\/wp\/v2\/types\/page"}],"author":[{"embeddable":true,"href":"https:\/\/charlesriverenglish.com\/pt-br\/wp-json\/wp\/v2\/users\/1"}],"replies":[{"embeddable":true,"href":"https:\/\/charlesriverenglish.com\/pt-br\/wp-json\/wp\/v2\/comments?post=281"}],"version-history":[{"count":11,"href":"https:\/\/charlesriverenglish.com\/pt-br\/wp-json\/wp\/v2\/pages\/281\/revisions"}],"predecessor-version":[{"id":641,"href":"https:\/\/charlesriverenglish.com\/pt-br\/wp-json\/wp\/v2\/pages\/281\/revisions\/641"}],"wp:featuredmedia":[{"embeddable":true,"href":"https:\/\/charlesriverenglish.com\/pt-br\/wp-json\/wp\/v2\/media\/233"}],"wp:attachment":[{"href":"https:\/\/charlesriverenglish.com\/pt-br\/wp-json\/wp\/v2\/media?parent=281"}],"curies":[{"name":"wp","href":"https:\/\/api.w.org\/{rel}","templated":true}]}}