{"id":287,"date":"2023-12-13T20:27:35","date_gmt":"2023-12-14T01:27:35","guid":{"rendered":"https:\/\/charlesriverenglish.com\/inicio\/"},"modified":"2024-01-31T02:44:42","modified_gmt":"2024-01-31T02:44:42","slug":"inicio","status":"publish","type":"page","link":"https:\/\/charlesriverenglish.com\/pt-br\/","title":{"rendered":"In\u00edcio"},"content":{"rendered":"<div class=\"wpb-content-wrapper\"><p>[vc_row height_ratio=&#8221;50&#8243; rc_heading_color=&#8221;primary-5&#8243; rc_bg_type=&#8221;color&#8221; rc_bg_color=&#8221;#741d0e&#8221;][vc_column width=&#8221;1\/6&#8243;][\/vc_column][vc_column width=&#8221;2\/3&#8243; vertical_content_position=&#8221;middle&#8221;]<h3 data-animation=\"appear-up\" data-delay=\"200\" data-duration=\"normal\" class=\"grve-element grve-title grve-align-center grve-appear-animation grve-advanced-animation grve-animated-item grve-h5\"><span><br>\n<p style=\"text-align: center;\">Voc\u00ea e sua fam\u00edlia t\u00eam <strong>grandes sonhos<\/strong>.<br \/>\nObtenha a <strong>profici\u00eancia em ingl\u00eas<\/strong> de que voc\u00ea precisa para alcan\u00e7\u00e1-los.<br>\n<\/span><\/h3>[\/vc_column][vc_column width=&#8221;1\/6&#8243;][\/vc_column][\/vc_row][vc_row padding_top_multiplier=&#8221;4x&#8221; padding_bottom_multiplier=&#8221;4x&#8221; rc_bg_type=&#8221;color&#8221; rc_bg_color=&#8221;#e2dcd7&#8243;][vc_column width=&#8221;2\/3&#8243;]<h3 class=\"grve-element grve-title grve-align-inherit grve-subtitle-text grve-increase-heading grve-heading-120\" style=\"margin-bottom: 36px;\"><span>O benef\u00edcio de aprender com o Charles River English:<\/span><\/h3><h3 class=\"grve-element grve-title grve-align-inherit grve-h4\"><span>Voc\u00ea aprender\u00e1 ingl\u00eas de uma forma que seja <span style=\"color: #962512;\">f\u00e1cil de entender<\/span> e que o ajude todos os dias.<\/span><\/h3>[\/vc_column][vc_column width=&#8221;1\/3&#8243;][\/vc_column][vc_column]<div class=\"grve-empty-space grve-height-3x\"><\/div>[\/vc_column][vc_column][vc_row_inner equal_column_height=&#8221;equal&#8221;][vc_column_inner width=&#8221;1\/4&#8243;]<div class=\"grve-element grve-fancy-box grve-align-center grve-bg-white grve-radius-5 grve-medium-shadow\"><div class=\"grve-fancy-box-inner\"><div class=\"grve-fancy-box-icon\"><span class=\"grve-icon smp-icon-graduation grve-text-primary-2 grve-large\"><\/span><\/div><h3 class=\"grve-title grve-heading-color grve-h5\" style=\"\">Chegar ao topo da classe<\/h3><p class=\"grve-description\">Aprenda com li\u00e7\u00f5es feitas especialmente para voc\u00ea ou um membro da fam\u00edlia.<\/p><div class=\"grve-link-text grve-fancy-box-read-more\">Explorar cursos<\/div>  <\/div><a href=\"\/pt-br\/cursos\/\" title=\"Cursos\" class=\"grve-item-url \"><\/a><div class=\"grve-fancy-box-bg grve-bg-primary-2 grve-radius-5\"><\/div><\/div>[\/vc_column_inner][vc_column_inner width=&#8221;1\/4&#8243;]<div class=\"grve-element grve-fancy-box grve-align-center grve-bg-white grve-radius-5 grve-medium-shadow\"><div class=\"grve-fancy-box-inner\"><div class=\"grve-fancy-box-icon\"><span class=\"grve-icon smp-icon-briefcase grve-text-primary-2 grve-large\"><\/span><\/div><h3 class=\"grve-title grve-heading-color grve-h5\" style=\"\">Obtenha o emprego incr\u00edvel que voc\u00ea deseja<\/h3><p class=\"grve-description\">Crie um curr\u00edculo e uma carta de apresenta\u00e7\u00e3o incr\u00edveis e, em seguida, pratique suas habilidades em entrevistas de emprego.<\/p><div class=\"grve-link-text grve-fancy-box-read-more\">Explorar cursos<\/div>  <\/div><a href=\"\/pt-br\/cursos\/\" title=\"Cursos\" class=\"grve-item-url \"><\/a><div class=\"grve-fancy-box-bg grve-bg-primary-2 grve-radius-5\"><\/div><\/div>[\/vc_column_inner][vc_column_inner width=&#8221;1\/4&#8243;]<div class=\"grve-element grve-fancy-box grve-align-center grve-bg-white grve-radius-5 grve-medium-shadow\"><div class=\"grve-fancy-box-inner\"><div class=\"grve-fancy-box-icon\"><span class=\"grve-icon smp-icon-plane grve-text-primary-2 grve-large\"><\/span><\/div><h3 class=\"grve-title grve-heading-color grve-h5\" style=\"\">Torne a vida mais f\u00e1cil e divertida<\/h3><p class=\"grve-description\">Aprenda o ingl\u00eas que tornar\u00e1 suas viagens seguras e divertidas onde quer que voc\u00ea v\u00e1.<\/p><div class=\"grve-link-text grve-fancy-box-read-more\">Explorar cursos<\/div>  <\/div><a href=\"\/pt-br\/cursos\/\" title=\"Cursos\" class=\"grve-item-url \"><\/a><div class=\"grve-fancy-box-bg grve-bg-primary-2 grve-radius-5\"><\/div><\/div>[\/vc_column_inner][vc_column_inner width=&#8221;1\/4&#8243;]<div class=\"grve-element grve-fancy-box grve-align-center grve-bg-white grve-radius-5 grve-medium-shadow\"><div class=\"grve-fancy-box-inner\"><div class=\"grve-fancy-box-icon\"><span class=\"grve-icon smp-icon-doc grve-text-primary-2 grve-large\"><\/span><\/div><h3 class=\"grve-title grve-heading-color grve-h5\" style=\"\">Passar em exames como o TOEFL ou o IELTS<\/h3><p class=\"grve-description\">Voc\u00ea pode passar nesse importante teste! Vamos fazer um plano juntos.<\/p><div class=\"grve-link-text grve-fancy-box-read-more\">Explorar cursos<\/div>  <\/div><a href=\"\/pt-br\/cursos\/\" title=\"Cursos\" class=\"grve-item-url \"><\/a><div class=\"grve-fancy-box-bg grve-bg-primary-2 grve-radius-5\"><\/div><\/div>[\/vc_column_inner][\/vc_row_inner][\/vc_column][\/vc_row][vc_row height_ratio=&#8221;80&#8243; rc_bg_type=&#8221;image&#8221; rc_bg_image=&#8221;33&#8243; rc_bg_image_type=&#8221;fixed&#8221; rc_bg_color_overlay=&#8221;gradient&#8221; rc_bg_gradient_overlay_custom_1=&#8221;#300c06&#8243; rc_bg_gradient_overlay_custom_2=&#8221;rgba(48,12,6,0.01)&#8221;][vc_column width=&#8221;1\/2&#8243; content_width=&#8221;85&#8243; vertical_content_position=&#8221;middle&#8221;]<div class=\"grve-element grve-image grve-align-center\">\r\n\t<div class=\"grve-image-item\">\r\n\t\t\r\n\r\n<div class=\"grve-image-wrapper grve-radius-circle grve-shadow-medium grve-no-effect\">\r\n\t\t<div class=\"grve-thumbnail-wrapper\"  style=\"width: 177px;\"><div class=\"grve-thumbnail\"  style=\"padding-top: 98.305%;\"><img loading=\"lazy\" decoding=\"async\" width=\"177\" height=\"174\" src=\"https:\/\/charlesriverenglish.com\/wp-content\/uploads\/2023\/12\/1F-my-former-student-pic.jpeg\" class=\"attachment-full size-full\" alt=\"\" data-column-space=\"auto\" data-lazyload=\"\" data-grve-filter=\"yes\" \/><\/div><\/div>\t<\/div>\r\n\t<\/div>\r\n<\/div>\r\n<div class=\"grve-empty-space grve-height-1x\"><\/div><h3 class=\"grve-element grve-title grve-align-center grve-leader-text grve-increase-heading grve-heading-120 grve-with-line grve-bottom-line grve-text-primary-4\"><span>&#8220;Matt \u00e9 um excelente professor. Muito inteligente e paciente com os alunos que est\u00e3o come\u00e7ando a aprender em outro idioma. Ele parece gostar muito do que faz, \u00e9 muito inteligente e perfeccionista. Sua maneira de ensinar \u00e9 muito pr\u00e1tica e gentil. Aprendi muito com o Matt.&#8221;<\/span><span class=\"grve-title-line grve-bg-primary-1\" style=\"width: 150px;height: 2px;\"><\/span><\/h3><h3 class=\"grve-element grve-title grve-align-center grve-subtitle-text grve-text-primary-4\"><span>Glauce<br \/>\n<\/span><\/h3>[\/vc_column][vc_column width=&#8221;1\/2&#8243; vertical_content_position=&#8221;middle&#8221;][\/vc_column][\/vc_row][vc_row padding_top_multiplier=&#8221;custom&#8221; padding_bottom_multiplier=&#8221;custom&#8221; padding_top=&#8221;13%&#8221; padding_bottom=&#8221;13%&#8221;][vc_column width=&#8221;1\/2&#8243; content_width=&#8221;custom&#8221; horizontal_content_position=&#8221;center&#8221; custom_content_width=&#8221;370&#8243;]<div data-clipping-color=\"black\" data-animation=\"colored-clipping-up\" data-delay=\"300\" data-duration=\"normal\" class=\"grve-element grve-image grve-align-center grve-clipping-animation grve-advanced-animation grve-colored-clipping grve-animated-item\">\r\n\t<div class=\"grve-image-item\">\r\n\t\t\r\n\r\n<div class=\"grve-image-wrapper grve-radius-3 grve-shadow-medium grve-no-effect\">\r\n\t\t<div class=\"grve-thumbnail-wrapper\"  style=\"width: 512px;\"><div class=\"grve-thumbnail\"  style=\"padding-top: 100%;\"><img loading=\"lazy\" decoding=\"async\" width=\"512\" height=\"512\" src=\"https:\/\/charlesriverenglish.com\/wp-content\/uploads\/2023\/12\/matt-fuller.png\" class=\"attachment-medium_large size-medium_large\" alt=\"\" data-column-space=\"auto\" data-lazyload=\"\" data-grve-filter=\"yes\" srcset=\"https:\/\/charlesriverenglish.com\/wp-content\/uploads\/2023\/12\/matt-fuller.png 512w, https:\/\/charlesriverenglish.com\/wp-content\/uploads\/2023\/12\/matt-fuller-300x300.png 300w, https:\/\/charlesriverenglish.com\/wp-content\/uploads\/2023\/12\/matt-fuller-150x150.png 150w\" sizes=\"auto, (max-width: 512px) 100vw, 512px\" \/><\/div><\/div>\t<\/div>\r\n\t<\/div>\r\n<\/div>\r\n[vc_row_inner][vc_column_inner grve_css=&#8221;{&#8220;desktop&#8220;:{&#8220;margin-top&#8220;:&#8220;-12%&#8220;,&#8220;margin-left&#8220;:&#8220;-12%&#8220;,&#8220;class&#8220;:&#8220;grve-wpb-1598351068805&#8220;},&#8220;tablet_portrait&#8220;:{&#8220;margin-left&#8220;:&#8220;-2%&#8220;}}&#8221;]<div data-animation=\"fade-in-left\" data-delay=\"600\" data-duration=\"normal\" class=\"grve-element grve-divider grve-animated-item\"><span class=\"grve-custom-divider grve-bg-primary-2 grve-align-inherit\" style=\"width: 100px;height: 10px;\"><\/span><\/div>[\/vc_column_inner][\/vc_row_inner][\/vc_column][vc_column width=&#8221;1\/2&#8243; vertical_content_position=&#8221;middle&#8221; column_effect=&#8221;mouse-move-x-y&#8221;]<h2 data-animation=\"fade-in-up\" data-delay=\"400\" data-duration=\"normal\" class=\"grve-element grve-title grve-align-inherit grve-animated-item grve-h4\" style=\"margin-bottom: 30px;\"><span>Ol\u00e1, meu nome \u00e9 Matthew Fuller! Sou o fundador da <span style=\"color: #962512;\">Charles River English.<\/span><\/span><\/h2>[vc_row_inner columns_gap=&#8221;60&#8243; tablet_sm_columns_vertical_gap=&#8221;30&#8243;][vc_column_inner animation=&#8221;fade-in-left&#8221; animation_delay=&#8221;500&#8243; tablet_sm_width=&#8221;1&#8243;][vc_column_text]Meus anos de experi\u00eancia ensinando alunos de ingl\u00eas me mostraram que cada um tem um motivo diferente para aprender um idioma. Talvez voc\u00ea queira conseguir o emprego dos seus sonhos, que um membro da fam\u00edlia entre em uma \u00f3tima universidade ou queira praticar as conversas usadas no dia a dia.<\/p>\n<p>N\u00e3o importa qual seja seu objetivo, aprender mais ingl\u00eas pode melhorar sua vida ou a de algu\u00e9m de quem voc\u00ea gosta.[\/vc_column_text][\/vc_column_inner][\/vc_row_inner]<div class=\"grve-empty-space grve-height-1x\"><\/div><div data-animation=\"fade-in-up\" data-delay=\"700\" data-duration=\"normal\" class=\"grve-element grve-align-inherit grve-animated-item\"><a href=\"\/pt-br\/minha-historia\/\" class=\"grve-btn-text grve-btn-line grve-line-left grve-text-primary-3 grve-text-hover-primary-3 grve-btn-medium\">\r\n\t\t<div class=\"grve-btn-inner\">\r\n\t\t<span>Minha hist\u00f3ria<\/span>\r\n\t\t\t<span class=\"grve-line grve-bg-primary-2\"><\/span>\r\n\t\t\t\t\t\t\t<\/div>\r\n\t<\/a><\/div>[\/vc_column][\/vc_row]<\/p>\n<\/div>","protected":false},"excerpt":{"rendered":"<p>[vc_row height_ratio=&#8221;50&#8243; rc_heading_color=&#8221;primary-5&#8243; rc_bg_type=&#8221;color&#8221; rc_bg_color=&#8221;#741d0e&#8221;][vc_column width=&#8221;1\/6&#8243;][\/vc_column][vc_column width=&#8221;2\/3&#8243; vertical_content_position=&#8221;middle&#8221;][\/vc_column][vc_column width=&#8221;1\/6&#8243;][\/vc_column][\/vc_row][vc_row padding_top_multiplier=&#8221;4x&#8221; padding_bottom_multiplier=&#8221;4x&#8221; rc_bg_type=&#8221;color&#8221; rc_bg_color=&#8221;#e2dcd7&#8243;][vc_column width=&#8221;2\/3&#8243;][\/vc_column][vc_column width=&#8221;1\/3&#8243;][\/vc_column][vc_column][\/vc_column][vc_column][vc_row_inner equal_column_height=&#8221;equal&#8221;][vc_column_inner width=&#8221;1\/4&#8243;][\/vc_column_inner][vc_column_inner width=&#8221;1\/4&#8243;][\/vc_column_inner][vc_column_inner width=&#8221;1\/4&#8243;][\/vc_column_inner][vc_column_inner width=&#8221;1\/4&#8243;][\/vc_column_inner][\/vc_row_inner][\/vc_column][\/vc_row][vc_row height_ratio=&#8221;80&#8243; rc_bg_type=&#8221;image&#8221; rc_bg_image=&#8221;33&#8243; rc_bg_image_type=&#8221;fixed&#8221; rc_bg_color_overlay=&#8221;gradient&#8221; rc_bg_gradient_overlay_custom_1=&#8221;#300c06&#8243; rc_bg_gradient_overlay_custom_2=&#8221;rgba(48,12,6,0.01)&#8221;][vc_column width=&#8221;1\/2&#8243; content_width=&#8221;85&#8243; vertical_content_position=&#8221;middle&#8221;][\/vc_column][vc_column width=&#8221;1\/2&#8243; vertical_content_position=&#8221;middle&#8221;][\/vc_column][\/vc_row][vc_row padding_top_multiplier=&#8221;custom&#8221; padding_bottom_multiplier=&#8221;custom&#8221; padding_top=&#8221;13%&#8221; padding_bottom=&#8221;13%&#8221;][vc_column width=&#8221;1\/2&#8243; content_width=&#8221;custom&#8221; horizontal_content_position=&#8221;center&#8221; custom_content_width=&#8221;370&#8243;][vc_row_inner][vc_column_inner grve_css=&#8221;{&#8220;desktop&#8220;:{&#8220;margin-top&#8220;:&#8220;-12%&#8220;,&#8220;margin-left&#8220;:&#8220;-12%&#8220;,&#8220;class&#8220;:&#8220;grve-wpb-1598351068805&#8220;},&#8220;tablet_portrait&#8220;:{&#8220;margin-left&#8220;:&#8220;-2%&#8220;}}&#8221;][\/vc_column_inner][\/vc_row_inner][\/vc_column][vc_column width=&#8221;1\/2&#8243; vertical_content_position=&#8221;middle&#8221; column_effect=&#8221;mouse-move-x-y&#8221;][vc_row_inner columns_gap=&#8221;60&#8243; tablet_sm_columns_vertical_gap=&#8221;30&#8243;][vc_column_inner animation=&#8221;fade-in-left&#8221; animation_delay=&#8221;500&#8243; tablet_sm_width=&#8221;1&#8243;][vc_column_text]Meus anos de experi\u00eancia ensinando alunos de [&hellip;]<\/p>\n","protected":false},"author":1,"featured_media":206,"parent":0,"menu_order":0,"comment_status":"closed","ping_status":"closed","template":"","meta":{"footnotes":""},"class_list":["post-287","page","type-page","status-publish","has-post-thumbnail","hentry","grve-entry-item"],"_links":{"self":[{"href":"https:\/\/charlesriverenglish.com\/pt-br\/wp-json\/wp\/v2\/pages\/287","targetHints":{"allow":["GET"]}}],"collection":[{"href":"https:\/\/charlesriverenglish.com\/pt-br\/wp-json\/wp\/v2\/pages"}],"about":[{"href":"https:\/\/charlesriverenglish.com\/pt-br\/wp-json\/wp\/v2\/types\/page"}],"author":[{"embeddable":true,"href":"https:\/\/charlesriverenglish.com\/pt-br\/wp-json\/wp\/v2\/users\/1"}],"replies":[{"embeddable":true,"href":"https:\/\/charlesriverenglish.com\/pt-br\/wp-json\/wp\/v2\/comments?post=287"}],"version-history":[{"count":5,"href":"https:\/\/charlesriverenglish.com\/pt-br\/wp-json\/wp\/v2\/pages\/287\/revisions"}],"predecessor-version":[{"id":393,"href":"https:\/\/charlesriverenglish.com\/pt-br\/wp-json\/wp\/v2\/pages\/287\/revisions\/393"}],"wp:featuredmedia":[{"embeddable":true,"href":"https:\/\/charlesriverenglish.com\/pt-br\/wp-json\/wp\/v2\/media\/206"}],"wp:attachment":[{"href":"https:\/\/charlesriverenglish.com\/pt-br\/wp-json\/wp\/v2\/media?parent=287"}],"curies":[{"name":"wp","href":"https:\/\/api.w.org\/{rel}","templated":true}]}}