{"id":328,"date":"2023-12-14T17:56:32","date_gmt":"2023-12-14T22:56:32","guid":{"rendered":"https:\/\/charlesriverenglish.com\/cursos\/"},"modified":"2024-05-07T13:24:54","modified_gmt":"2024-05-07T17:24:54","slug":"cursos","status":"publish","type":"page","link":"https:\/\/charlesriverenglish.com\/pt-br\/cursos\/","title":{"rendered":"Cursos"},"content":{"rendered":"<div class=\"wpb-content-wrapper\"><p>[vc_row height_ratio=&#8221;50&#8243; rc_heading_color=&#8221;primary-5&#8243; rc_bg_type=&#8221;color&#8221; rc_bg_color=&#8221;#741d0e&#8221;][vc_column width=&#8221;1\/6&#8243;][\/vc_column][vc_column width=&#8221;2\/3&#8243; vertical_content_position=&#8221;middle&#8221;]<h3 data-animation=\"appear-up\" data-delay=\"200\" data-duration=\"normal\" class=\"grve-element grve-title grve-align-center grve-appear-animation grve-advanced-animation grve-animated-item grve-h5\"><span><br>\n<p style=\"text-align: center;\">Descobriremos seus <strong>pontos fortes<\/strong> no idioma ingl\u00eas (porque voc\u00ea tem pontos fortes no ingl\u00eas!) e as partes do ingl\u00eas que precisamos <strong>praticar<\/strong>. Faremos <strong>um plano<\/strong> juntos e descobriremos <strong>COMO<\/strong> meus conhecimentos de ingl\u00eas podem atender \u00e0s suas <strong>metas<\/strong> de ingl\u00eas.<br>\n<\/span><\/h3>[\/vc_column][vc_column width=&#8221;1\/6&#8243;][\/vc_column][\/vc_row][vc_row padding_top_multiplier=&#8221;3x&#8221; padding_bottom_multiplier=&#8221;3x&#8221;][vc_column width=&#8221;1\/2&#8243;]<h3 class=\"grve-element grve-title grve-align-inherit grve-h3\"><span>Ensinar isso \u00e9 mais do que apenas li\u00e7\u00f5es de gram\u00e1tica.<\/span><\/h3>[\/vc_column][vc_column width=&#8221;1\/2&#8243;][vc_column_text]\u00c9 muito importante aprender ingl\u00eas por meio de aulas que sejam \u00fateis e divertidas. O Charles River English utiliza teorias de aquisi\u00e7\u00e3o de idiomas que foram testadas ao longo de anos de experi\u00eancia em sala de aula para ajudar alunos do ensino m\u00e9dio, universit\u00e1rios e adultos a atingir seus objetivos de forma envolvente.<\/p>\n<p>As aulas s\u00e3o din\u00e2micas e incluem todas as diferentes partes do ingl\u00eas (fala, leitura, escrita, etc.) combinadas com muitas pr\u00e1ticas de roleplaying\/conversa\u00e7\u00e3o.<\/p>\n<p>Aqui est\u00e3o dois exemplos do tipo de aulas din\u00e2micas usadas no Charles River English:<\/p>\n<ul>\n<li><strong>Ler<\/strong> um artigo cient\u00edfico ou de not\u00edcias, encontrar nova gram\u00e1tica e vocabul\u00e1rio e depois conversar com a nova gram\u00e1tica e o novo vocabul\u00e1rio.<em>(Partes de ingl\u00eas praticadas: compartilhamento de informa\u00e7\u00f5es, gram\u00e1tica, leitura, vocabul\u00e1rio do TOEFL)<\/em><\/li>\n<li><strong>Escrever<\/strong> um e-mail de emprego para praticar e, depois, fingir que est\u00e1 explicando o e-mail para um colega de trabalho. <em>(Partes do ingl\u00eas praticadas: reda\u00e7\u00e3o, vocabul\u00e1rio de trabalho, habilidades de fala no trabalho)<\/em><\/li>\n<\/ul>\n<p>[\/vc_column_text]<div class=\"grve-empty-space grve-height-1x\"><\/div><div class=\"grve-element grve-align-inherit\"><a href=\"https:\/\/charlesriverenglish.com\/pt-br\/contato\/\" class=\"grve-btn grve-square grve-bg-primary-1 grve-border-primary-1 grve-bg-hover-primary-2 grve-border-hover-primary-2 grve-text-white grve-text-hover-white grve-btn-medium\">\r\n\t\t<span>Vamos come\u00e7ar<\/span>\r\n\t\t\t\t\t\t\t<\/a><\/div>[\/vc_column][\/vc_row][vc_row height_ratio=&#8221;80&#8243; rc_heading_color=&#8221;primary-4&#8243; rc_bg_type=&#8221;image&#8221; rc_bg_image=&#8221;101&#8243; rc_bg_image_type=&#8221;fixed&#8221; rc_bg_color_overlay=&#8221;gradient&#8221; rc_bg_gradient_overlay_custom_1=&#8221;#300c06&#8243; rc_bg_gradient_overlay_custom_2=&#8221;rgba(48,12,6,0.01)&#8221; rc_font_color=&#8221;#fffcf9&#8243;][vc_column width=&#8221;2\/3&#8243; content_width=&#8221;85&#8243; vertical_content_position=&#8221;middle&#8221;]<h2 class=\"grve-element grve-title grve-align-left grve-h3 grve-increase-heading grve-heading-120 grve-text-primary-4\"><span>Nossas aulas s\u00e3o perfeitas se:<\/span><\/h2>[\/vc_column][vc_column width=&#8221;1\/3&#8243; vertical_content_position=&#8221;middle&#8221;][\/vc_column][vc_column desktop_hide=&#8221;hide&#8221; tablet_width=&#8221;hide&#8221; tablet_sm_width=&#8221;hide&#8221; mobile_width=&#8221;hide&#8221;][\/vc_column][vc_column width=&#8221;1\/3&#8243;]<h3 class=\"grve-element grve-title grve-align-inherit grve-h6\" style=\"margin-bottom: 18px;\"><span>Voc\u00ea tem uma necessidade importante de aumentar seu n\u00edvel de ingl\u00eas e &#8230;<\/span><\/h3>[vc_column_text]Voc\u00ea est\u00e1 disposto a dedicar o tempo necess\u00e1rio para alcan\u00e7\u00e1-lo.<br \/>\n[\/vc_column_text][\/vc_column][vc_column width=&#8221;1\/3&#8243;]<h3 class=\"grve-element grve-title grve-align-inherit grve-h6\" style=\"margin-bottom: 18px;\"><span>02. Voc\u00ea \u00e9 determinado, mas&#8230;<\/span><\/h3>[vc_column_text]Voc\u00ea quer um professor experiente para orientar seu aprendizado.[\/vc_column_text][\/vc_column][vc_column width=&#8221;1\/3&#8243;]<h3 class=\"grve-element grve-title grve-align-inherit grve-h6\" style=\"margin-bottom: 18px;\"><span>03. Voc\u00ea tentou aprender ingl\u00eas antes, mas&#8230;<\/span><\/h3>[vc_column_text]A aula era muito f\u00e1cil, dif\u00edcil ou simplesmente n\u00e3o era t\u00e3o interessante.[\/vc_column_text][\/vc_column][vc_column text_align=&#8221;center&#8221;]<div class=\"grve-empty-space grve-height-1x\"><\/div><h2 class=\"grve-element grve-title grve-align-center grve-h5 grve-text-primary-4\"><span><br>\n<p style=\"text-align: center;\">Alguma dessas situa\u00e7\u00f5es se parece com voc\u00ea ou com algu\u00e9m que voc\u00ea conhece?<br \/>\nEnt\u00e3o vamos come\u00e7ar.<br>\n<\/span><\/h2><div class=\"grve-element grve-align-center\"><a href=\"https:\/\/charlesriverenglish.com\/pt-br\/contato\/\" class=\"grve-btn grve-square grve-bg-primary-1 grve-border-primary-1 grve-bg-hover-primary-2 grve-border-hover-primary-2 grve-text-white grve-text-hover-white grve-btn-medium\">\r\n\t\t<span>Entre em contato conosco hoje mesmo<\/span>\r\n\t\t\t\t\t\t\t<\/a><\/div><div class=\"grve-empty-space grve-height-1x\"><\/div>[\/vc_column][\/vc_row][vc_row padding_top_multiplier=&#8221;3x&#8221; padding_bottom_multiplier=&#8221;3x&#8221; rc_bg_type=&#8221;color&#8221; rc_bg_color=&#8221;#741d0e&#8221;][vc_column]<h3 class=\"grve-element grve-title grve-align-center grve-subtitle-text grve-custom-font-1 grve-increase-heading grve-heading-140 grve-text-white\" style=\"margin-bottom: 30px;\"><span>Explore nossos pacotes<\/span><\/h3><h3 class=\"grve-element grve-title grve-align-center grve-h3 grve-text-white\" style=\"margin-bottom: 30px;\"><span>Todos os pacotes incluem&#8230;<\/span><\/h3><div class=\"grve-empty-space grve-height-1x\"><\/div>[vc_row_inner][vc_column_inner width=&#8221;1\/4&#8243;]<div class=\"grve-element grve-box-icon grve-small grve-top-icon grve-align-center\"><div class=\"grve-wrapper-icon\" style=\"\"><span class=\"grve-box-icon far fa-clock grve-text-primary-5\"><\/span><\/div><div class=\"grve-box-content\"><h3 class=\"grve-box-title grve-body-text grve-text-primary-5\">Op\u00e7\u00f5es de aulas de 1 hora, 1,5 hora ou 2 horas<\/h3><\/div><\/div>[\/vc_column_inner][vc_column_inner width=&#8221;1\/4&#8243;]<div class=\"grve-element grve-box-icon grve-small grve-top-icon grve-align-center\"><div class=\"grve-wrapper-icon\" style=\"\"><span class=\"grve-box-icon fas fa-file-signature grve-text-primary-5\"><\/span><\/div><div class=\"grve-box-content\"><h3 class=\"grve-box-title grve-body-text grve-text-primary-5\">Uma avalia\u00e7\u00e3o no in\u00edcio da aula para descobrir seu n\u00edvel, metas e estilo de aprendizagem<\/h3><\/div><\/div>[\/vc_column_inner][vc_column_inner width=&#8221;1\/4&#8243;]<div class=\"grve-element grve-box-icon grve-small grve-top-icon grve-align-center\"><div class=\"grve-wrapper-icon\" style=\"\"><span class=\"grve-box-icon far fa-address-card grve-text-primary-5\"><\/span><\/div><div class=\"grve-box-content\"><h3 class=\"grve-box-title grve-body-text grve-text-primary-5\">Aulas personalizadas criadas especificamente para voc\u00ea.<\/h3><\/div><\/div>[\/vc_column_inner][vc_column_inner width=&#8221;1\/4&#8243;]<div class=\"grve-element grve-box-icon grve-small grve-top-icon grve-align-center\"><div class=\"grve-wrapper-icon\" style=\"\"><span class=\"grve-box-icon far fa-folder-open grve-text-primary-5\"><\/span><\/div><div class=\"grve-box-content\"><h3 class=\"grve-box-title grve-body-text grve-text-primary-5\">Pr\u00e1ticas din\u00e2micas ap\u00f3s a aula, oferecidas a cada semana de aula, que incluem jogos, pr\u00e1ticas de fala, m\u00fasica e muito mais<\/h3><\/div><\/div>[\/vc_column_inner][\/vc_row_inner]<div class=\"grve-empty-space grve-height-2x\"><\/div>[vc_row_inner rc_bg_type=&#8221;color&#8221; rc_bg_color=&#8221;#ffffff&#8221;][vc_column_inner width=&#8221;1\/3&#8243;]<div class=\"grve-element grve-media-box grve-align-left grve-style-2\" style=\"min-height: 400px;\"><div class=\"grve-background-wrapper\"><div class=\"grve-bg-image\"   style=\"background-image: url(https:\/\/charlesriverenglish.com\/wp-content\/uploads\/2023\/12\/4C-desk-and-globe-768x432.jpeg);\"><\/div><div class=\"grve-bg-overlay grve-bg-black grve-opacity-30\"><\/div><\/div><div class=\"grve-content-wrapper grve-fixed-colors grve-headings-white grve-text-white grve-link-white grve-link-hover-white\"><div class=\"grve-box-content\"><div class=\"grve-content-inner\"><h6 class=\"grve-box-title grve-h6 grve-custom-font-1\">Aprendizagem on-line<\/h6>    <p><\/p><\/div>  <\/div><\/div><\/div>[\/vc_column_inner][vc_column_inner width=&#8221;2\/3&#8243; content_width=&#8221;80&#8243; horizontal_content_position=&#8221;center&#8221; vertical_content_position=&#8221;middle&#8221;]<h3 class=\"grve-element grve-title grve-align-left grve-h3 grve-text-primary-1\" style=\"margin-bottom: 30px;\"><span>Pacote de aprendizado on-line<\/span><\/h3><h3 class=\"grve-element grve-title grve-align-left grve-subtitle-text grve-text-primary-2\" style=\"margin-bottom: 30px;\"><span>12 horas de aula de ingl\u00eas por US$ 875<\/span><\/h3>[vc_column_text css=&#8221;.vc_custom_1704827144366{padding-bottom: 10px !important;}&#8221;]<\/p>\n<ul>\n<li>Ferramentas de ensino on-line baseadas em pesquisas combinadas com anos de experi\u00eancia de ensino.<\/li>\n<li>Fa\u00e7a um curso on-line que seja conveniente, divertido e interessante<\/li>\n<li>Continue aprendendo ap\u00f3s a aula com grava\u00e7\u00f5es e materiais carregados da aula<\/li>\n<\/ul>\n<p>[\/vc_column_text]<div class=\"grve-element grve-align-inherit\"><a href=\"https:\/\/charlesriverenglish.com\/pt-br\/contato\/\" class=\"grve-btn grve-square grve-bg-primary-1 grve-border-primary-1 grve-bg-hover-primary-2 grve-border-hover-primary-2 grve-text-white grve-text-hover-white grve-btn-extrasmall\">\r\n\t\t<span>Vamos come\u00e7ar<\/span>\r\n\t\t\t\t\t\t\t<\/a><\/div>[\/vc_column_inner][\/vc_row_inner]<div class=\"grve-empty-space grve-height-2x\"><\/div>[vc_row_inner rc_bg_type=&#8221;color&#8221; rc_bg_color=&#8221;#ffffff&#8221;][vc_column_inner width=&#8221;1\/3&#8243;]<div class=\"grve-element grve-media-box grve-align-left grve-style-2\" style=\"min-height: 400px;\"><div class=\"grve-background-wrapper\"><div class=\"grve-bg-image\"   style=\"background-image: url(https:\/\/charlesriverenglish.com\/wp-content\/uploads\/2023\/12\/4A-Boston-Public-Library-768x576.jpeg);\"><\/div><div class=\"grve-bg-overlay grve-bg-black grve-opacity-30\"><\/div><\/div><div class=\"grve-content-wrapper grve-fixed-colors grve-headings-white grve-text-white grve-link-white grve-link-hover-white\"><div class=\"grve-box-content\"><div class=\"grve-content-inner\"><h6 class=\"grve-box-title grve-h6 grve-custom-font-1\">Aprendizado presencial<\/h6>    <p><\/p><\/div>  <\/div><\/div><\/div>[\/vc_column_inner][vc_column_inner width=&#8221;2\/3&#8243; content_width=&#8221;80&#8243; horizontal_content_position=&#8221;center&#8221; vertical_content_position=&#8221;middle&#8221;]<h3 class=\"grve-element grve-title grve-align-left grve-h3 grve-text-primary-1\" style=\"margin-bottom: 30px;\"><span>Pacote de aprendizado presencial<\/span><\/h3><h3 class=\"grve-element grve-title grve-align-left grve-subtitle-text grve-text-primary-2\" style=\"margin-bottom: 30px;\"><span>12 horas de aula de ingl\u00eas por US$ 1.800<\/span><\/h3>[vc_column_text css=&#8221;.vc_custom_1704827257537{padding-bottom: 10px !important;}&#8221;]<\/p>\n<ul>\n<li>Aprender naturalmente \u00e0 medida que conectamos o que estamos aprendendo em sala de aula com o mundo ao nosso redor.<\/li>\n<li>Encontre-se em um local da \u00e1rea de Boston que seja conveniente para voc\u00ea (sua casa, um caf\u00e9, uma biblioteca, etc.).<\/li>\n<li>Leve para casa as informa\u00e7\u00f5es sobre a aula e as pr\u00e1ticas ap\u00f3s a aula.<\/li>\n<\/ul>\n<p>[\/vc_column_text]<div class=\"grve-element grve-align-inherit\"><a href=\"https:\/\/charlesriverenglish.com\/pt-br\/contato\/\" class=\"grve-btn grve-square grve-bg-primary-1 grve-border-primary-1 grve-bg-hover-primary-2 grve-border-hover-primary-2 grve-text-white grve-text-hover-white grve-btn-extrasmall\">\r\n\t\t<span>Vamos come\u00e7ar<\/span>\r\n\t\t\t\t\t\t\t<\/a><\/div>[\/vc_column_inner][\/vc_row_inner]<div class=\"grve-empty-space grve-height-2x\"><\/div>[vc_row_inner rc_bg_type=&#8221;color&#8221; rc_bg_color=&#8221;#ffffff&#8221;][vc_column_inner width=&#8221;1\/3&#8243;]<div class=\"grve-element grve-media-box grve-align-left grve-style-2\" style=\"min-height: 400px;\"><div class=\"grve-background-wrapper\"><div class=\"grve-bg-image\"   style=\"background-image: url(https:\/\/charlesriverenglish.com\/wp-content\/uploads\/2023\/12\/4B-Overhead-shot-of-hands-768x512.jpeg);\"><\/div><div class=\"grve-bg-overlay grve-bg-black grve-opacity-30\"><\/div><\/div><div class=\"grve-content-wrapper grve-fixed-colors grve-headings-white grve-text-white grve-link-white grve-link-hover-white\"><div class=\"grve-box-content\"><div class=\"grve-content-inner\"><h6 class=\"grve-box-title grve-h6 grve-custom-font-1\">Aprendizado h\u00edbrido<\/h6>    <p><\/p><\/div>  <\/div><\/div><\/div>[\/vc_column_inner][vc_column_inner width=&#8221;2\/3&#8243; content_width=&#8221;80&#8243; horizontal_content_position=&#8221;center&#8221; vertical_content_position=&#8221;middle&#8221;]<h3 class=\"grve-element grve-title grve-align-left grve-h3 grve-text-primary-1\"><span>Pacote de aprendizado h\u00edbrido<\/span><\/h3><h3 class=\"grve-element grve-title grve-align-left grve-subtitle-text grve-text-primary-2\" style=\"margin-bottom: 30px;\"><span>12 horas de aula de ingl\u00eas por US$ 1250<\/span><\/h3><h3 class=\"grve-element grve-title grve-align-left grve-h6 grve-text-primary-1\" style=\"margin-bottom: 30px;\"><span>(6 horas on-line\/6 horas presenciais)<\/span><\/h3>[vc_column_text css=&#8221;.vc_custom_1704827309195{padding-bottom: 10px !important;}&#8221;]<\/p>\n<ul>\n<li>Uma aula que se adapta \u00e0 sua agenda em constante mudan\u00e7a<\/li>\n<li>Fa\u00e7a o curso on-line ou pessoalmente quando quiser<\/li>\n<\/ul>\n<p>[\/vc_column_text]<div class=\"grve-element grve-align-inherit\"><a href=\"https:\/\/charlesriverenglish.com\/pt-br\/contato\/\" class=\"grve-btn grve-square grve-bg-primary-1 grve-border-primary-1 grve-bg-hover-primary-2 grve-border-hover-primary-2 grve-text-white grve-text-hover-white grve-btn-extrasmall\">\r\n\t\t<span>Vamos come\u00e7ar<\/span>\r\n\t\t\t\t\t\t\t<\/a><\/div>[\/vc_column_inner][\/vc_row_inner]<div class=\"grve-empty-space grve-height-2x\"><\/div>[vc_column_text]<\/p>\n<h3 style=\"text-align: center;\"><span style=\"color: #fffcf9;\">Personalize sua classe adicionando&#8230;.<\/span><\/h3>\n<p style=\"text-align: center;\"><span style=\"color: #fffcf9;\"><br \/>\n&#8230; 1 ou 2 amigos ou familiares para a aula (at\u00e9 2) por US$ 150 por pessoa<br \/>\n&#8230;5 horas extras de aulas on-line em qualquer pacote por US$ 300<br \/>\n&#8230;5 horas extras de aulas presenciais em qualquer pacote por US$ 550<br \/>\n&#8230;2 horas extras de pr\u00e1tica ap\u00f3s a aula, todas as semanas de aula, por US$ 200<br \/>\n<\/span><\/p>\n<p>[\/vc_column_text]<div class=\"grve-empty-space grve-height-2x\"><\/div>[\/vc_column][\/vc_row]<\/p>\n<\/div>","protected":false},"excerpt":{"rendered":"<p>[vc_row height_ratio=&#8221;50&#8243; rc_heading_color=&#8221;primary-5&#8243; rc_bg_type=&#8221;color&#8221; rc_bg_color=&#8221;#741d0e&#8221;][vc_column width=&#8221;1\/6&#8243;][\/vc_column][vc_column width=&#8221;2\/3&#8243; vertical_content_position=&#8221;middle&#8221;][\/vc_column][vc_column width=&#8221;1\/6&#8243;][\/vc_column][\/vc_row][vc_row padding_top_multiplier=&#8221;3x&#8221; padding_bottom_multiplier=&#8221;3x&#8221;][vc_column width=&#8221;1\/2&#8243;][\/vc_column][vc_column width=&#8221;1\/2&#8243;][vc_column_text]\u00c9 muito importante aprender ingl\u00eas por meio de aulas que sejam \u00fateis e divertidas. O Charles River English utiliza teorias de aquisi\u00e7\u00e3o de idiomas que foram testadas ao longo de anos de experi\u00eancia em sala de aula para ajudar alunos do ensino m\u00e9dio, [&hellip;]<\/p>\n","protected":false},"author":1,"featured_media":242,"parent":0,"menu_order":0,"comment_status":"closed","ping_status":"closed","template":"","meta":{"footnotes":""},"class_list":["post-328","page","type-page","status-publish","has-post-thumbnail","hentry","grve-entry-item"],"_links":{"self":[{"href":"https:\/\/charlesriverenglish.com\/pt-br\/wp-json\/wp\/v2\/pages\/328","targetHints":{"allow":["GET"]}}],"collection":[{"href":"https:\/\/charlesriverenglish.com\/pt-br\/wp-json\/wp\/v2\/pages"}],"about":[{"href":"https:\/\/charlesriverenglish.com\/pt-br\/wp-json\/wp\/v2\/types\/page"}],"author":[{"embeddable":true,"href":"https:\/\/charlesriverenglish.com\/pt-br\/wp-json\/wp\/v2\/users\/1"}],"replies":[{"embeddable":true,"href":"https:\/\/charlesriverenglish.com\/pt-br\/wp-json\/wp\/v2\/comments?post=328"}],"version-history":[{"count":17,"href":"https:\/\/charlesriverenglish.com\/pt-br\/wp-json\/wp\/v2\/pages\/328\/revisions"}],"predecessor-version":[{"id":527,"href":"https:\/\/charlesriverenglish.com\/pt-br\/wp-json\/wp\/v2\/pages\/328\/revisions\/527"}],"wp:featuredmedia":[{"embeddable":true,"href":"https:\/\/charlesriverenglish.com\/pt-br\/wp-json\/wp\/v2\/media\/242"}],"wp:attachment":[{"href":"https:\/\/charlesriverenglish.com\/pt-br\/wp-json\/wp\/v2\/media?parent=328"}],"curies":[{"name":"wp","href":"https:\/\/api.w.org\/{rel}","templated":true}]}}