{"id":369,"date":"2023-12-15T15:36:42","date_gmt":"2023-12-15T20:36:42","guid":{"rendered":"https:\/\/charlesriverenglish.com\/minha-historia\/"},"modified":"2024-01-31T02:57:57","modified_gmt":"2024-01-31T02:57:57","slug":"minha-historia","status":"publish","type":"page","link":"https:\/\/charlesriverenglish.com\/pt-br\/minha-historia\/","title":{"rendered":"Minha hist\u00f3ria"},"content":{"rendered":"<div class=\"wpb-content-wrapper\"><p>[vc_row height_ratio=&#8221;50&#8243; rc_heading_color=&#8221;primary-5&#8243; rc_bg_type=&#8221;color&#8221; rc_bg_color=&#8221;#741d0e&#8221;][vc_column width=&#8221;1\/6&#8243;][\/vc_column][vc_column width=&#8221;2\/3&#8243; vertical_content_position=&#8221;middle&#8221;]<h3 data-animation=\"appear-up\" data-delay=\"200\" data-duration=\"normal\" class=\"grve-element grve-title grve-align-center grve-appear-animation grve-advanced-animation grve-animated-item grve-h5\"><span><br>\n<p style=\"text-align: center;\"><strong>Defini\u00e7\u00e3o: Journey (substantivo)<\/strong><br>\n<p style=\"text-align: center;\">Aprender e crescer com suas experi\u00eancias de vida de uma maneira importante.<br>\n<\/span><\/h3>[\/vc_column][vc_column width=&#8221;1\/6&#8243;][\/vc_column][\/vc_row][vc_row padding_top_multiplier=&#8221;4x&#8221; padding_bottom_multiplier=&#8221;4x&#8221; rc_bg_type=&#8221;image&#8221; rc_bg_image=&#8221;140&#8243; rc_bg_image_type=&#8221;horizontal-parallax-lr&#8221; rc_bg_color_overlay=&#8221;custom&#8221; rc_bg_color_overlay_custom=&#8221;rgba(255,252,249,0.91)&#8221; rc_bg_color=&#8221;#f7f7fb&#8221;][vc_column width=&#8221;2\/3&#8243;]<h3 class=\"grve-element grve-title grve-align-inherit grve-subtitle-text grve-increase-heading grve-heading-120\" style=\"margin-bottom: 36px;\"><span>Minha jornada como professor de ingl\u00eas<\/span><\/h3><h3 class=\"grve-element grve-title grve-align-inherit grve-h4\"><span>A vida \u00e9 cheia de jornadas grandes e pequenas. Esta \u00e9 a hist\u00f3ria de minha jornada como professor:<br>\n<span style=\"color: #741d0e;\">-Matt do Charles River English<\/span><\/span><\/h3>[\/vc_column][vc_column width=&#8221;1\/3&#8243;][\/vc_column][vc_column]<div class=\"grve-empty-space grve-height-3x\"><\/div>[\/vc_column][vc_column]<div class=\"grve-element grve-carousel grve-flexible-carousel\">\r\n\t<div class=\"grve-carousel-wrapper\">\r\n\t\t\t<div class=\"grve-carousel-navigation grve-navigation-arrow-2\">\r\n\t\t<div class=\"grve-carousel-buttons\">\r\n\t\t\t<div class=\"grve-carousel-prev\"><div class=\"grve-svg-icon grve-direction-left grve-arrow-2 grve-svg-white grve-with-shape grve-circle grve-bg-primary-2\">\t\t\t\t<svg width=\"40px\" height=\"16px\" viewBox=\"0 0 40 16\">\r\n\t\t\t\t\t<polygon class=\"grve-arrow-line\" points=\"0 7 38 7 38 9 0 9\"><\/polygon>\r\n\t\t\t\t\t<polygon class=\"grve-arrow-point\" points=\"31.3481912 0 40 8 31.3481912 16 30 14.5816219 37.1 8 30 1.41837809\"><\/polygon>\r\n\t\t\t\t<\/svg>\r\n\t\t\t<\/div><\/div>\r\n\t\t\t<div class=\"grve-carousel-next\"><div class=\"grve-svg-icon grve-direction-right grve-arrow-2 grve-svg-white grve-with-shape grve-circle grve-bg-primary-2\">\t\t\t\t<svg width=\"40px\" height=\"16px\" viewBox=\"0 0 40 16\">\r\n\t\t\t\t\t<polygon class=\"grve-arrow-line\" points=\"0 7 38 7 38 9 0 9\"><\/polygon>\r\n\t\t\t\t\t<polygon class=\"grve-arrow-point\" points=\"31.3481912 0 40 8 31.3481912 16 30 14.5816219 37.1 8 30 1.41837809\"><\/polygon>\r\n\t\t\t\t<\/svg>\r\n\t\t\t<\/div><\/div>\r\n\t\t<\/div>\r\n\t<\/div>\r\n\t\t<div data-items=\"1\" data-items-tablet-landscape=\"1\" data-items-tablet-portrait=\"1\" data-items-mobile=\"1\" data-pagination=\"no\" data-slider-autoheight=\"yes\" data-slider-autoplay=\"no\" data-slider-loop=\"no\" data-stage-padding=\"0\" class=\"grve-carousel-element grve-flexible-advanced-carousel flickity\">\r\n\t\t<div class=\"grve-element grve-image-text grve-style-1 grve-position-left\"><div class=\"grve-image\"><div class=\"grve-thumbnail-wrapper\"><div class=\"grve-thumbnail\"  style=\"padding-top: 133.393%;\"><img loading=\"lazy\" decoding=\"async\" width=\"560\" height=\"747\" src=\"https:\/\/charlesriverenglish.com\/wp-content\/uploads\/2024\/01\/City-of-lynn-to-replace-first-boston-map-560x747.jpeg\" class=\"attachment-impeka-grve-small-rect-vertical size-impeka-grve-small-rect-vertical\" alt=\"\" data-column-space=\"100\" data-lazyload=\"\" data-grve-filter=\"yes\" srcset=\"https:\/\/charlesriverenglish.com\/wp-content\/uploads\/2024\/01\/City-of-lynn-to-replace-first-boston-map-560x747.jpeg 560w, https:\/\/charlesriverenglish.com\/wp-content\/uploads\/2024\/01\/City-of-lynn-to-replace-first-boston-map-840x1120.jpeg 840w\" sizes=\"auto, (max-width: 560px) 100vw, 560px\" \/><\/div><\/div><\/div><div class=\"grve-content grve-align-left\"><div class=\"grve-content-inner\"><h3 class=\"grve-title grve-h3\">O in\u00edcio<\/h3><p class=\"grve-description\"> Em 2013, tornei-me professor volunt\u00e1rio em Lynn MA, uma cidade ao norte de Boston. Enquanto estava l\u00e1, lecionei para alunos de ingl\u00eas na Lynn Classical High School e na Catholic Charities North.<\/p>\n<p>Foi incrivelmente gratificante poder ensinar alunos que haviam imigrado de todas as partes do mundo e, logo depois, recebi minha certifica\u00e7\u00e3o de ensino de ingl\u00eas como segundo idioma (ESL) em Massachusetts. Nos tr\u00eas anos seguintes, ensinei alunos de mais de 35 pa\u00edses e que falavam muitos idiomas diferentes!<br \/>\n<\/p><\/div><\/div><\/div><div class=\"grve-element grve-image-text grve-style-1 grve-position-left\"><div class=\"grve-image\"><div class=\"grve-thumbnail-wrapper\"><div class=\"grve-thumbnail\"  style=\"padding-top: 133.393%;\"><img loading=\"lazy\" decoding=\"async\" width=\"560\" height=\"747\" src=\"https:\/\/charlesriverenglish.com\/wp-content\/uploads\/2023\/12\/2C-Central-America-560x747.jpeg\" class=\"attachment-impeka-grve-small-rect-vertical size-impeka-grve-small-rect-vertical\" alt=\"\" data-column-space=\"100\" data-lazyload=\"\" data-grve-filter=\"yes\" srcset=\"https:\/\/charlesriverenglish.com\/wp-content\/uploads\/2023\/12\/2C-Central-America-560x747.jpeg 560w, https:\/\/charlesriverenglish.com\/wp-content\/uploads\/2023\/12\/2C-Central-America-840x1120.jpeg 840w\" sizes=\"auto, (max-width: 560px) 100vw, 560px\" \/><\/div><\/div><\/div><div class=\"grve-content grve-align-left\"><div class=\"grve-content-inner\"><h3 class=\"grve-title grve-h3\">Como se tornar um professor de ingl\u00eas na Am\u00e9rica Central<\/h3><p class=\"grve-description\">Alguns anos depois, aproveitei a oportunidade para ensinar adolescentes que moravam na capital da Guatemala.<\/p>\n<p>A escola ficava em um bairro da cidade com altos n\u00edveis de pobreza, mas meus incr\u00edveis alunos eram muito resilientes. Eles estavam determinados a ter sucesso, e eu me senti sortudo por poder ensinar-lhes o ingl\u00eas de que precisavam para ter um futuro com oportunidades positivas.<br \/>\n<\/p><\/div><\/div><\/div><div class=\"grve-element grve-image-text grve-style-1 grve-position-left\"><div class=\"grve-image\"><div class=\"grve-thumbnail-wrapper\"><div class=\"grve-thumbnail\"  style=\"padding-top: 133.393%;\"><img loading=\"lazy\" decoding=\"async\" width=\"560\" height=\"747\" src=\"https:\/\/charlesriverenglish.com\/wp-content\/uploads\/2024\/01\/ver-3-560x747.jpeg\" class=\"attachment-impeka-grve-small-rect-vertical size-impeka-grve-small-rect-vertical\" alt=\"boston international academy\" data-column-space=\"100\" data-lazyload=\"\" data-grve-filter=\"yes\" srcset=\"https:\/\/charlesriverenglish.com\/wp-content\/uploads\/2024\/01\/ver-3-560x747.jpeg 560w, https:\/\/charlesriverenglish.com\/wp-content\/uploads\/2024\/01\/ver-3-840x1120.jpeg 840w\" sizes=\"auto, (max-width: 560px) 100vw, 560px\" \/><\/div><\/div><\/div><div class=\"grve-content grve-align-left\"><div class=\"grve-content-inner\"><h3 class=\"grve-title grve-h3\">Ajudar estudantes internacionais a serem aceitos em faculdades e universidades<\/h3><p class=\"grve-description\">Quando retornei aos Estados Unidos, lecionei para alunos adultos por quase quatro anos na Boston International Academy. Ajudei os alunos a aumentar seus n\u00edveis de ingl\u00eas, a escrever reda\u00e7\u00f5es de inscri\u00e7\u00e3o para a faculdade e a passar no teste TOEFL.<\/p>\n<p>Enquanto eu ensinava, tamb\u00e9m estava aprendendo! \u00c0 noite, eu tinha aulas na Cambridge College para poder concluir meu mestrado em ensino de ingl\u00eas como segundo idioma.<\/p>\n<p><\/p><\/div><\/div><\/div><div class=\"grve-element grve-image-text grve-style-1 grve-position-left\"><div class=\"grve-image\"><div class=\"grve-thumbnail-wrapper\"><div class=\"grve-thumbnail\"  style=\"padding-top: 133.393%;\"><img loading=\"lazy\" decoding=\"async\" width=\"560\" height=\"747\" src=\"https:\/\/charlesriverenglish.com\/wp-content\/uploads\/2024\/01\/orange-line-to-replace-second-boston-map-560x747.jpeg\" class=\"attachment-impeka-grve-small-rect-vertical size-impeka-grve-small-rect-vertical\" alt=\"\" data-column-space=\"100\" data-lazyload=\"\" data-grve-filter=\"yes\" srcset=\"https:\/\/charlesriverenglish.com\/wp-content\/uploads\/2024\/01\/orange-line-to-replace-second-boston-map-560x747.jpeg 560w, https:\/\/charlesriverenglish.com\/wp-content\/uploads\/2024\/01\/orange-line-to-replace-second-boston-map-840x1120.jpeg 840w\" sizes=\"auto, (max-width: 560px) 100vw, 560px\" \/><\/div><\/div><\/div><div class=\"grve-content grve-align-left\"><div class=\"grve-content-inner\"><h3 class=\"grve-title grve-h3\">Iniciando o Charles River English<\/h3><p class=\"grve-description\">Em 2022, minha jornada tomou um novo e empolgante rumo quando decidi iniciar meu pr\u00f3prio neg\u00f3cio independente de aulas particulares de ingl\u00eas.<\/p>\n<p>Estou ansioso para usar todas as minhas experi\u00eancias de ensino anteriores para ajud\u00e1-lo em sua jornada de aprendizado de ingl\u00eas!<br \/>\n<\/p><a href=\"\/pt-br\/contato\/\" title=\"Contact\" class=\"grve-btn grve-square grve-bg-primary-1 grve-border-primary-1 grve-bg-hover-primary-2 grve-border-hover-primary-2 grve-pulse grve-text-white grve-text-hover-white grve-btn-medium\">\r\n\t\t<span>Voc\u00ea est\u00e1 pronto para come\u00e7ar SUA jornada em ingl\u00eas?<\/span>\r\n\t\t<span class=\"screen-reader-text\">Voc\u00ea est\u00e1 pronto para come\u00e7ar SUA jornada em ingl\u00eas?<\/span>\r\n\t\t\t\t\t\t\t<\/a><\/div><\/div><\/div>\t\t<\/div>\r\n\t<\/div>\r\n<\/div>\r\n[\/vc_column][\/vc_row]<\/p>\n<\/div>","protected":false},"excerpt":{"rendered":"<p>[vc_row height_ratio=&#8221;50&#8243; rc_heading_color=&#8221;primary-5&#8243; rc_bg_type=&#8221;color&#8221; rc_bg_color=&#8221;#741d0e&#8221;][vc_column width=&#8221;1\/6&#8243;][\/vc_column][vc_column width=&#8221;2\/3&#8243; vertical_content_position=&#8221;middle&#8221;][\/vc_column][vc_column width=&#8221;1\/6&#8243;][\/vc_column][\/vc_row][vc_row padding_top_multiplier=&#8221;4x&#8221; padding_bottom_multiplier=&#8221;4x&#8221; rc_bg_type=&#8221;image&#8221; rc_bg_image=&#8221;140&#8243; rc_bg_image_type=&#8221;horizontal-parallax-lr&#8221; rc_bg_color_overlay=&#8221;custom&#8221; rc_bg_color_overlay_custom=&#8221;rgba(255,252,249,0.91)&#8221; rc_bg_color=&#8221;#f7f7fb&#8221;][vc_column width=&#8221;2\/3&#8243;][\/vc_column][vc_column width=&#8221;1\/3&#8243;][\/vc_column][vc_column][\/vc_column][vc_column][\/vc_column][\/vc_row]<\/p>\n","protected":false},"author":1,"featured_media":484,"parent":0,"menu_order":0,"comment_status":"closed","ping_status":"closed","template":"","meta":{"footnotes":""},"class_list":["post-369","page","type-page","status-publish","has-post-thumbnail","hentry","grve-entry-item"],"_links":{"self":[{"href":"https:\/\/charlesriverenglish.com\/pt-br\/wp-json\/wp\/v2\/pages\/369","targetHints":{"allow":["GET"]}}],"collection":[{"href":"https:\/\/charlesriverenglish.com\/pt-br\/wp-json\/wp\/v2\/pages"}],"about":[{"href":"https:\/\/charlesriverenglish.com\/pt-br\/wp-json\/wp\/v2\/types\/page"}],"author":[{"embeddable":true,"href":"https:\/\/charlesriverenglish.com\/pt-br\/wp-json\/wp\/v2\/users\/1"}],"replies":[{"embeddable":true,"href":"https:\/\/charlesriverenglish.com\/pt-br\/wp-json\/wp\/v2\/comments?post=369"}],"version-history":[{"count":2,"href":"https:\/\/charlesriverenglish.com\/pt-br\/wp-json\/wp\/v2\/pages\/369\/revisions"}],"predecessor-version":[{"id":398,"href":"https:\/\/charlesriverenglish.com\/pt-br\/wp-json\/wp\/v2\/pages\/369\/revisions\/398"}],"wp:featuredmedia":[{"embeddable":true,"href":"https:\/\/charlesriverenglish.com\/pt-br\/wp-json\/wp\/v2\/media\/484"}],"wp:attachment":[{"href":"https:\/\/charlesriverenglish.com\/pt-br\/wp-json\/wp\/v2\/media?parent=369"}],"curies":[{"name":"wp","href":"https:\/\/api.w.org\/{rel}","templated":true}]}}